{"id":798,"date":"2024-12-11T08:05:48","date_gmt":"2024-12-11T07:05:48","guid":{"rendered":"https:\/\/www.krampfadern-spezialist.at\/contact-location\/"},"modified":"2026-04-16T17:15:24","modified_gmt":"2026-04-16T16:15:24","slug":"contact-location","status":"publish","type":"page","link":"https:\/\/www.krampfadern-spezialist.at\/en\/contact-location\/","title":{"rendered":"Contact &amp; Location"},"content":{"rendered":"\t\t<div data-elementor-type=\"wp-page\" data-elementor-id=\"798\" class=\"elementor elementor-798 elementor-46\" data-elementor-post-type=\"page\">\n\t\t\t\t<div class=\"elementor-element elementor-element-d3e85cd e-flex e-con-boxed e-con e-parent\" data-id=\"d3e85cd\" data-element_type=\"container\" data-settings=\"{&quot;background_background&quot;:&quot;classic&quot;}\">\n\t\t\t\t\t<div class=\"e-con-inner\">\n\t\t\t\t<div class=\"elementor-element elementor-element-fcc1433 elementor-widget elementor-widget-spacer\" data-id=\"fcc1433\" data-element_type=\"widget\" data-widget_type=\"spacer.default\">\n\t\t\t\t<div class=\"elementor-widget-container\">\n\t\t\t\t\t\t\t<div class=\"elementor-spacer\">\n\t\t\t<div class=\"elementor-spacer-inner\"><\/div>\n\t\t<\/div>\n\t\t\t\t\t\t<\/div>\n\t\t\t\t<\/div>\n\t\t<div class=\"elementor-element elementor-element-0429685 e-con-full e-flex elementor-invisible e-con e-child\" data-id=\"0429685\" data-element_type=\"container\" data-settings=\"{&quot;background_background&quot;:&quot;classic&quot;,&quot;animation&quot;:&quot;fadeInDown&quot;}\">\n\t\t\t\t<div class=\"elementor-element elementor-element-52ff8f5 elementor-widget elementor-widget-heading\" data-id=\"52ff8f5\" data-element_type=\"widget\" data-widget_type=\"heading.default\">\n\t\t\t\t<div class=\"elementor-widget-container\">\n\t\t\t\t\t<h1 class=\"elementor-heading-title elementor-size-default\">Contact &amp; Location<\/h1>\t\t\t\t<\/div>\n\t\t\t\t<\/div>\n\t\t\t\t<\/div>\n\t\t\t\t\t<\/div>\n\t\t\t\t<\/div>\n\t\t<div class=\"elementor-element elementor-element-724d3f6 e-flex e-con-boxed e-con e-parent\" data-id=\"724d3f6\" data-element_type=\"container\" data-settings=\"{&quot;background_background&quot;:&quot;classic&quot;}\">\n\t\t\t\t\t<div class=\"e-con-inner\">\n\t\t<div class=\"elementor-element elementor-element-39c38eb e-con-full e-flex e-con e-child\" data-id=\"39c38eb\" data-element_type=\"container\">\n\t\t\t\t<div class=\"elementor-element elementor-element-140432b elementor-widget elementor-widget-heading\" data-id=\"140432b\" data-element_type=\"widget\" data-widget_type=\"heading.default\">\n\t\t\t\t<div class=\"elementor-widget-container\">\n\t\t\t\t\t<h2 class=\"elementor-heading-title elementor-size-default\">Please contact me!<\/h2>\t\t\t\t<\/div>\n\t\t\t\t<\/div>\n\t\t\t\t<div class=\"elementor-element elementor-element-03dc700 elementor-widget elementor-widget-heading\" data-id=\"03dc700\" data-element_type=\"widget\" data-widget_type=\"heading.default\">\n\t\t\t\t<div class=\"elementor-widget-container\">\n\t\t\t\t\t<h2 class=\"elementor-heading-title elementor-size-default\">Private practice (no elective doctor)<\/h2>\t\t\t\t<\/div>\n\t\t\t\t<\/div>\n\t\t\t\t<\/div>\n\t\t<div class=\"elementor-element elementor-element-a6b0580 e-con-full e-flex elementor-invisible e-con e-child\" data-id=\"a6b0580\" data-element_type=\"container\" data-settings=\"{&quot;background_background&quot;:&quot;classic&quot;,&quot;animation&quot;:&quot;fadeInUp&quot;}\">\n\t\t\t\t<div class=\"elementor-element elementor-element-5362f0a elementor-widget elementor-widget-heading\" data-id=\"5362f0a\" data-element_type=\"widget\" data-widget_type=\"heading.default\">\n\t\t\t\t<div class=\"elementor-widget-container\">\n\t\t\t\t\t<h5 class=\"elementor-heading-title elementor-size-default\">Office hours<\/h5>\t\t\t\t<\/div>\n\t\t\t\t<\/div>\n\t\t\t\t<div class=\"elementor-element elementor-element-1cb93ac elementor-widget elementor-widget-heading\" data-id=\"1cb93ac\" data-element_type=\"widget\" data-widget_type=\"heading.default\">\n\t\t\t\t<div class=\"elementor-widget-container\">\n\t\t\t\t\t<div class=\"elementor-heading-title elementor-size-default\"><a href=\"tel:+436601200821\">Thursday: 12:00-18:00<br>Friday: 09:00-18:00<br>Saturday: 10:00-18:00\n\n\n<\/a><\/div>\t\t\t\t<\/div>\n\t\t\t\t<\/div>\n\t\t\t\t<\/div>\n\t\t<div class=\"elementor-element elementor-element-a448bc6 e-con-full e-flex elementor-invisible e-con e-child\" data-id=\"a448bc6\" data-element_type=\"container\" data-settings=\"{&quot;background_background&quot;:&quot;classic&quot;,&quot;animation&quot;:&quot;fadeInUp&quot;}\">\n\t\t\t\t<div class=\"elementor-element elementor-element-4bee6db elementor-widget elementor-widget-heading\" data-id=\"4bee6db\" data-element_type=\"widget\" data-widget_type=\"heading.default\">\n\t\t\t\t<div class=\"elementor-widget-container\">\n\t\t\t\t\t<h5 class=\"elementor-heading-title elementor-size-default\">Practice number<\/h5>\t\t\t\t<\/div>\n\t\t\t\t<\/div>\n\t\t\t\t<div class=\"elementor-element elementor-element-1474101 elementor-widget elementor-widget-heading\" data-id=\"1474101\" data-element_type=\"widget\" data-widget_type=\"heading.default\">\n\t\t\t\t<div class=\"elementor-widget-container\">\n\t\t\t\t\t<div class=\"elementor-heading-title elementor-size-default\"><a href=\"tel:+436601200821\">+43 660 120 0821\n\n<\/a><\/div>\t\t\t\t<\/div>\n\t\t\t\t<\/div>\n\t\t\t\t<\/div>\n\t\t<div class=\"elementor-element elementor-element-29e0d98 e-con-full e-flex elementor-invisible e-con e-child\" data-id=\"29e0d98\" data-element_type=\"container\" data-settings=\"{&quot;background_background&quot;:&quot;classic&quot;,&quot;animation&quot;:&quot;fadeInUp&quot;}\">\n\t\t\t\t<div class=\"elementor-element elementor-element-772a29c elementor-widget elementor-widget-heading\" data-id=\"772a29c\" data-element_type=\"widget\" data-widget_type=\"heading.default\">\n\t\t\t\t<div class=\"elementor-widget-container\">\n\t\t\t\t\t<h5 class=\"elementor-heading-title elementor-size-default\">Practice mail<\/h5>\t\t\t\t<\/div>\n\t\t\t\t<\/div>\n\t\t\t\t<div class=\"elementor-element elementor-element-eecbc1f elementor-widget elementor-widget-heading\" data-id=\"eecbc1f\" data-element_type=\"widget\" data-widget_type=\"heading.default\">\n\t\t\t\t<div class=\"elementor-widget-container\">\n\t\t\t\t\t<div class=\"elementor-heading-title elementor-size-default\"><a href=\"mailto:office@dr-kasiri.com\">office@dr-kasiri.com<\/a><\/div>\t\t\t\t<\/div>\n\t\t\t\t<\/div>\n\t\t\t\t<\/div>\n\t\t\t\t\t<\/div>\n\t\t\t\t<\/div>\n\t\t<div class=\"elementor-element elementor-element-9fdee75 e-flex e-con-boxed e-con e-parent\" data-id=\"9fdee75\" data-element_type=\"container\" data-settings=\"{&quot;background_background&quot;:&quot;classic&quot;}\">\n\t\t\t\t\t<div class=\"e-con-inner\">\n\t\t<div class=\"elementor-element elementor-element-561c474 e-con-full e-flex e-con e-child\" data-id=\"561c474\" data-element_type=\"container\">\n\t\t\t\t<div class=\"elementor-element elementor-element-364b85a elementor-widget elementor-widget-heading\" data-id=\"364b85a\" data-element_type=\"widget\" data-widget_type=\"heading.default\">\n\t\t\t\t<div class=\"elementor-widget-container\">\n\t\t\t\t\t<h2 class=\"elementor-heading-title elementor-size-default\">Health insurance coordination (all health insurance companies)<\/h2>\t\t\t\t<\/div>\n\t\t\t\t<\/div>\n\t\t\t\t<\/div>\n\t\t<div class=\"elementor-element elementor-element-489631d e-con-full e-flex elementor-invisible e-con e-child\" data-id=\"489631d\" data-element_type=\"container\" data-settings=\"{&quot;background_background&quot;:&quot;classic&quot;,&quot;animation&quot;:&quot;fadeInUp&quot;}\">\n\t\t\t\t<div class=\"elementor-element elementor-element-dde97a4 elementor-widget elementor-widget-heading\" data-id=\"dde97a4\" data-element_type=\"widget\" data-widget_type=\"heading.default\">\n\t\t\t\t<div class=\"elementor-widget-container\">\n\t\t\t\t\t<h5 class=\"elementor-heading-title elementor-size-default\">Office hours<\/h5>\t\t\t\t<\/div>\n\t\t\t\t<\/div>\n\t\t\t\t<div class=\"elementor-element elementor-element-9bf447d elementor-widget elementor-widget-heading\" data-id=\"9bf447d\" data-element_type=\"widget\" data-widget_type=\"heading.default\">\n\t\t\t\t<div class=\"elementor-widget-container\">\n\t\t\t\t\t<div class=\"elementor-heading-title elementor-size-default\"><a href=\"tel:+436601200821\">Monday: 09:00-18:00<br>Tuesday: 14:00-19:00<br>Wednesday: 14:00-18:00<br>Thursday: 09:00-11:00\n\n\n<\/a><\/div>\t\t\t\t<\/div>\n\t\t\t\t<\/div>\n\t\t\t\t<\/div>\n\t\t<div class=\"elementor-element elementor-element-7517807 e-con-full e-flex elementor-invisible e-con e-child\" data-id=\"7517807\" data-element_type=\"container\" data-settings=\"{&quot;background_background&quot;:&quot;classic&quot;,&quot;animation&quot;:&quot;fadeInUp&quot;}\">\n\t\t\t\t<div class=\"elementor-element elementor-element-534cd0f elementor-widget elementor-widget-heading\" data-id=\"534cd0f\" data-element_type=\"widget\" data-widget_type=\"heading.default\">\n\t\t\t\t<div class=\"elementor-widget-container\">\n\t\t\t\t\t<h5 class=\"elementor-heading-title elementor-size-default\">Practice number<\/h5>\t\t\t\t<\/div>\n\t\t\t\t<\/div>\n\t\t\t\t<div class=\"elementor-element elementor-element-8b72932 elementor-widget elementor-widget-heading\" data-id=\"8b72932\" data-element_type=\"widget\" data-widget_type=\"heading.default\">\n\t\t\t\t<div class=\"elementor-widget-container\">\n\t\t\t\t\t<div class=\"elementor-heading-title elementor-size-default\"><a href=\"tel:+436601200821\">+43 660 495 7558\n\n<\/a><\/div>\t\t\t\t<\/div>\n\t\t\t\t<\/div>\n\t\t\t\t<\/div>\n\t\t<div class=\"elementor-element elementor-element-a340c8d e-con-full e-flex elementor-invisible e-con e-child\" data-id=\"a340c8d\" data-element_type=\"container\" data-settings=\"{&quot;background_background&quot;:&quot;classic&quot;,&quot;animation&quot;:&quot;fadeInUp&quot;}\">\n\t\t\t\t<div class=\"elementor-element elementor-element-9f35c6d elementor-widget elementor-widget-heading\" data-id=\"9f35c6d\" data-element_type=\"widget\" data-widget_type=\"heading.default\">\n\t\t\t\t<div class=\"elementor-widget-container\">\n\t\t\t\t\t<h5 class=\"elementor-heading-title elementor-size-default\">Practice mail<\/h5>\t\t\t\t<\/div>\n\t\t\t\t<\/div>\n\t\t\t\t<div class=\"elementor-element elementor-element-e4b20ab elementor-widget elementor-widget-heading\" data-id=\"e4b20ab\" data-element_type=\"widget\" data-widget_type=\"heading.default\">\n\t\t\t\t<div class=\"elementor-widget-container\">\n\t\t\t\t\t<div class=\"elementor-heading-title elementor-size-default\"><a href=\"mailto:office@dr-kasiri.com\">office@endoskopie-w\u00e4hring.at<\/a><\/div>\t\t\t\t<\/div>\n\t\t\t\t<\/div>\n\t\t\t\t<\/div>\n\t\t\t\t\t<\/div>\n\t\t\t\t<\/div>\n\t\t<div class=\"elementor-element elementor-element-b2962be e-con-full e-flex e-con e-parent\" data-id=\"b2962be\" data-element_type=\"container\" data-settings=\"{&quot;background_background&quot;:&quot;classic&quot;}\">\n\t\t<div class=\"elementor-element elementor-element-fe24230 e-con-full e-flex elementor-invisible e-con e-child\" data-id=\"fe24230\" data-element_type=\"container\" data-settings=\"{&quot;background_background&quot;:&quot;classic&quot;,&quot;animation&quot;:&quot;fadeInUp&quot;}\">\n\t\t\t\t<div class=\"elementor-element elementor-element-e016068 elementor-widget elementor-widget-text-editor\" data-id=\"e016068\" data-element_type=\"widget\" data-widget_type=\"text-editor.default\">\n\t\t\t\t<div class=\"elementor-widget-container\">\n\t\t\t\t\t\t\t\t\t<p>I take the time to analyze your individual health, evaluate your existing medication and create a preventive care plan tailored specifically to your needs. I will explain every step clearly and comprehensibly so that you feel safe and well looked after at all stages of the examination and treatment.  Together we will ensure that you stay healthy and improve your quality of life.  <\/p><p>I look forward to welcoming you to my practice and accompanying you on the path to better health.<\/p>\t\t\t\t\t\t\t\t<\/div>\n\t\t\t\t<\/div>\n\t\t\t\t<\/div>\n\t\t\t\t<\/div>\n\t\t<div class=\"elementor-element elementor-element-6055b43 e-flex e-con-boxed e-con e-parent\" data-id=\"6055b43\" data-element_type=\"container\" data-settings=\"{&quot;background_background&quot;:&quot;classic&quot;}\">\n\t\t\t\t\t<div class=\"e-con-inner\">\n\t\t\t\t<div class=\"elementor-element elementor-element-1b46cca elementor-widget elementor-widget-heading\" data-id=\"1b46cca\" data-element_type=\"widget\" data-widget_type=\"heading.default\">\n\t\t\t\t<div class=\"elementor-widget-container\">\n\t\t\t\t\t<h5 class=\"elementor-heading-title elementor-size-default\">Practice address<\/h5>\t\t\t\t<\/div>\n\t\t\t\t<\/div>\n\t\t\t\t<div class=\"elementor-element elementor-element-c9f5de4 elementor-widget elementor-widget-heading\" data-id=\"c9f5de4\" data-element_type=\"widget\" data-widget_type=\"heading.default\">\n\t\t\t\t<div class=\"elementor-widget-container\">\n\t\t\t\t\t<h2 class=\"elementor-heading-title elementor-size-default\">Private practice (no elective doctor)<\/h2>\t\t\t\t<\/div>\n\t\t\t\t<\/div>\n\t\t\t\t<div class=\"elementor-element elementor-element-172d22d elementor-widget elementor-widget-text-editor\" data-id=\"172d22d\" data-element_type=\"widget\" data-widget_type=\"text-editor.default\">\n\t\t\t\t<div class=\"elementor-widget-container\">\n\t\t\t\t\t\t\t\t\t<p>Elterleinplatz 13\/8\/R01<br>1170 Vienna<\/p>\t\t\t\t\t\t\t\t<\/div>\n\t\t\t\t<\/div>\n\t\t\t\t\t<\/div>\n\t\t\t\t<\/div>\n\t\t<div class=\"elementor-element elementor-element-d13317c e-flex e-con-boxed e-con e-parent\" data-id=\"d13317c\" data-element_type=\"container\" data-settings=\"{&quot;background_background&quot;:&quot;classic&quot;}\">\n\t\t\t\t\t<div class=\"e-con-inner\">\n\t\t\t\t<div class=\"elementor-element elementor-element-9d8205e elementor-widget elementor-widget-heading\" data-id=\"9d8205e\" data-element_type=\"widget\" data-widget_type=\"heading.default\">\n\t\t\t\t<div class=\"elementor-widget-container\">\n\t\t\t\t\t<h2 class=\"elementor-heading-title elementor-size-default\">Health insurance coordination (all health insurance companies)<\/h2>\t\t\t\t<\/div>\n\t\t\t\t<\/div>\n\t\t\t\t<div class=\"elementor-element elementor-element-7082497 elementor-widget elementor-widget-text-editor\" data-id=\"7082497\" data-element_type=\"widget\" data-widget_type=\"text-editor.default\">\n\t\t\t\t<div class=\"elementor-widget-container\">\n\t\t\t\t\t\t\t\t\t<p>Mitterberggasse 16\/01<br>1180 Vienna<\/p>\t\t\t\t\t\t\t\t<\/div>\n\t\t\t\t<\/div>\n\t\t\t\t\t<\/div>\n\t\t\t\t<\/div>\n\t\t<div class=\"elementor-element elementor-element-2678d45 e-con-full e-flex e-con e-parent\" data-id=\"2678d45\" data-element_type=\"container\">\n\t\t\t\t<div class=\"elementor-element elementor-element-b4deb89 elementor-widget elementor-widget-google_maps\" data-id=\"b4deb89\" data-element_type=\"widget\" data-widget_type=\"google_maps.default\">\n\t\t\t\t<div class=\"elementor-widget-container\">\n\t\t\t\t\t\t\t<div class=\"elementor-custom-embed\">\n\t\t\t<iframe loading=\"lazy\"\n\t\t\t\t\tsrc=\"https:\/\/maps.google.com\/maps?q=Dr.%20Kasiri%2C%20Gef%C3%A4%C3%9Fchirurg%2C%20Venenspezialist%20%26%20%C3%A4sthetischer%20Chirurg&#038;t=m&#038;z=15&#038;output=embed&#038;iwloc=near\"\n\t\t\t\t\ttitle=\"Dr. Kasiri, Gef\u00e4\u00dfchirurg, Venenspezialist &amp; \u00e4sthetischer Chirurg\"\n\t\t\t\t\taria-label=\"Dr. Kasiri, Gef\u00e4\u00dfchirurg, Venenspezialist &amp; \u00e4sthetischer Chirurg\"\n\t\t\t><\/iframe>\n\t\t<\/div>\n\t\t\t\t\t\t<\/div>\n\t\t\t\t<\/div>\n\t\t\t\t<\/div>\n\t\t\t\t<\/div>\n\t\t","protected":false},"excerpt":{"rendered":"<p>Please contact me! Private practice (no elective doctor) Office hours Thursday: 12:00-18:00Friday: 09:00-18:00Saturday: 10:00-18:00 Practice number +43 660 120 0821 Practice mail office@dr-kasiri.com Health insurance coordination (all health insurance companies) Office hours Monday: 09:00-18:00Tuesday: 14:00-19:00Wednesday: 14:00-18:00Thursday: 09:00-11:00 Practice number +43 660 495 7558 Practice mail office@endoskopie-w\u00e4hring.at I take the time to analyze your individual health,&hellip;&nbsp;<a href=\"https:\/\/www.krampfadern-spezialist.at\/en\/contact-location\/\" rel=\"bookmark\"><span class=\"screen-reader-text\">Contact &amp; Location<\/span><\/a><\/p>\n","protected":false},"author":2,"featured_media":0,"parent":0,"menu_order":0,"comment_status":"closed","ping_status":"closed","template":"page-templates\/template-pagebuilder-full-width.php","meta":{"neve_meta_sidebar":"","neve_meta_container":"","neve_meta_enable_content_width":"","neve_meta_content_width":0,"neve_meta_title_alignment":"","neve_meta_author_avatar":"","neve_post_elements_order":"","neve_meta_disable_header":"","neve_meta_disable_footer":"","neve_meta_disable_title":"","neve_meta_reading_time":"","footnotes":""},"class_list":["post-798","page","type-page","status-publish","hentry"],"yoast_head":"<!-- This site is optimized with the Yoast SEO plugin v26.6 - https:\/\/yoast.com\/wordpress\/plugins\/seo\/ -->\n<title>Contact &amp; Location | Ihr Gef\u00e4\u00dfspezialist in Wien | Dr. Kasiri<\/title>\n<meta name=\"robots\" content=\"index, follow, max-snippet:-1, max-image-preview:large, max-video-preview:-1\" \/>\n<link rel=\"canonical\" href=\"https:\/\/www.krampfadern-spezialist.at\/en\/contact-location\/\" \/>\n<meta property=\"og:locale\" content=\"en_US\" \/>\n<meta property=\"og:type\" content=\"article\" \/>\n<meta property=\"og:title\" content=\"Contact &amp; Location | Ihr Gef\u00e4\u00dfspezialist in Wien | Dr. Kasiri\" \/>\n<meta property=\"og:description\" content=\"Please contact me! Private practice (no elective doctor) Office hours Thursday: 12:00-18:00Friday: 09:00-18:00Saturday: 10:00-18:00 Practice number +43 660 120 0821 Practice mail office@dr-kasiri.com Health insurance coordination (all health insurance companies) Office hours Monday: 09:00-18:00Tuesday: 14:00-19:00Wednesday: 14:00-18:00Thursday: 09:00-11:00 Practice number +43 660 495 7558 Practice mail office@endoskopie-w\u00e4hring.at I take the time to analyze your individual health,&hellip;&nbsp;Contact &amp; Location\" \/>\n<meta property=\"og:url\" content=\"https:\/\/www.krampfadern-spezialist.at\/en\/contact-location\/\" \/>\n<meta property=\"og:site_name\" content=\"Ihr Gef\u00e4\u00dfspezialist in Wien | Dr. Kasiri\" \/>\n<meta property=\"article:modified_time\" content=\"2026-04-16T16:15:24+00:00\" \/>\n<meta property=\"og:image\" content=\"https:\/\/www.krampfadern-spezialist.at\/wp-content\/uploads\/2024\/12\/Dr-Kasiri-Gold.png\" \/>\n\t<meta property=\"og:image:width\" content=\"2803\" \/>\n\t<meta property=\"og:image:height\" content=\"2038\" \/>\n\t<meta property=\"og:image:type\" content=\"image\/png\" \/>\n<meta name=\"twitter:card\" content=\"summary_large_image\" \/>\n<meta name=\"twitter:label1\" content=\"Est. reading time\" \/>\n\t<meta name=\"twitter:data1\" content=\"1 minute\" \/>\n<script type=\"application\/ld+json\" class=\"yoast-schema-graph\">{\"@context\":\"https:\/\/schema.org\",\"@graph\":[{\"@type\":\"WebPage\",\"@id\":\"https:\/\/www.krampfadern-spezialist.at\/en\/contact-location\/\",\"url\":\"https:\/\/www.krampfadern-spezialist.at\/en\/contact-location\/\",\"name\":\"Contact &amp; Location | Ihr Gef\u00e4\u00dfspezialist in Wien | Dr. Kasiri\",\"isPartOf\":{\"@id\":\"https:\/\/www.krampfadern-spezialist.at\/en\/#website\"},\"datePublished\":\"2024-12-11T07:05:48+00:00\",\"dateModified\":\"2026-04-16T16:15:24+00:00\",\"breadcrumb\":{\"@id\":\"https:\/\/www.krampfadern-spezialist.at\/en\/contact-location\/#breadcrumb\"},\"inLanguage\":\"en-US\",\"potentialAction\":[{\"@type\":\"ReadAction\",\"target\":[\"https:\/\/www.krampfadern-spezialist.at\/en\/contact-location\/\"]}]},{\"@type\":\"BreadcrumbList\",\"@id\":\"https:\/\/www.krampfadern-spezialist.at\/en\/contact-location\/#breadcrumb\",\"itemListElement\":[{\"@type\":\"ListItem\",\"position\":1,\"name\":\"Startseite\",\"item\":\"https:\/\/www.krampfadern-spezialist.at\/en\/\"},{\"@type\":\"ListItem\",\"position\":2,\"name\":\"Contact &amp; Location\"}]},{\"@type\":\"WebSite\",\"@id\":\"https:\/\/www.krampfadern-spezialist.at\/en\/#website\",\"url\":\"https:\/\/www.krampfadern-spezialist.at\/en\/\",\"name\":\"Ihr Gef\u00e4\u00dfspezialist in Wien | Dr. Kasiri\",\"description\":\"Krampfadern - Arterienbehandlung - Lip\u00f6dem\",\"publisher\":{\"@id\":\"https:\/\/www.krampfadern-spezialist.at\/en\/#organization\"},\"potentialAction\":[{\"@type\":\"SearchAction\",\"target\":{\"@type\":\"EntryPoint\",\"urlTemplate\":\"https:\/\/www.krampfadern-spezialist.at\/en\/?s={search_term_string}\"},\"query-input\":{\"@type\":\"PropertyValueSpecification\",\"valueRequired\":true,\"valueName\":\"search_term_string\"}}],\"inLanguage\":\"en-US\"},{\"@type\":\"Organization\",\"@id\":\"https:\/\/www.krampfadern-spezialist.at\/en\/#organization\",\"name\":\"Ihr Gef\u00e4\u00dfspezialist in Wien | Dr. Kasiri\",\"url\":\"https:\/\/www.krampfadern-spezialist.at\/en\/\",\"logo\":{\"@type\":\"ImageObject\",\"inLanguage\":\"en-US\",\"@id\":\"https:\/\/www.krampfadern-spezialist.at\/en\/#\/schema\/logo\/image\/\",\"url\":\"https:\/\/www.krampfadern-spezialist.at\/wp-content\/uploads\/2024\/12\/Dr-Kasiri-Gold.png\",\"contentUrl\":\"https:\/\/www.krampfadern-spezialist.at\/wp-content\/uploads\/2024\/12\/Dr-Kasiri-Gold.png\",\"width\":2803,\"height\":2038,\"caption\":\"Ihr Gef\u00e4\u00dfspezialist in Wien | Dr. Kasiri\"},\"image\":{\"@id\":\"https:\/\/www.krampfadern-spezialist.at\/en\/#\/schema\/logo\/image\/\"}}]}<\/script>\n<!-- \/ Yoast SEO plugin. -->","yoast_head_json":{"title":"Contact &amp; Location | Ihr Gef\u00e4\u00dfspezialist in Wien | Dr. Kasiri","robots":{"index":"index","follow":"follow","max-snippet":"max-snippet:-1","max-image-preview":"max-image-preview:large","max-video-preview":"max-video-preview:-1"},"canonical":"https:\/\/www.krampfadern-spezialist.at\/en\/contact-location\/","og_locale":"en_US","og_type":"article","og_title":"Contact &amp; Location | Ihr Gef\u00e4\u00dfspezialist in Wien | Dr. Kasiri","og_description":"Please contact me! Private practice (no elective doctor) Office hours Thursday: 12:00-18:00Friday: 09:00-18:00Saturday: 10:00-18:00 Practice number +43 660 120 0821 Practice mail office@dr-kasiri.com Health insurance coordination (all health insurance companies) Office hours Monday: 09:00-18:00Tuesday: 14:00-19:00Wednesday: 14:00-18:00Thursday: 09:00-11:00 Practice number +43 660 495 7558 Practice mail office@endoskopie-w\u00e4hring.at I take the time to analyze your individual health,&hellip;&nbsp;Contact &amp; Location","og_url":"https:\/\/www.krampfadern-spezialist.at\/en\/contact-location\/","og_site_name":"Ihr Gef\u00e4\u00dfspezialist in Wien | Dr. Kasiri","article_modified_time":"2026-04-16T16:15:24+00:00","og_image":[{"width":2803,"height":2038,"url":"https:\/\/www.krampfadern-spezialist.at\/wp-content\/uploads\/2024\/12\/Dr-Kasiri-Gold.png","type":"image\/png"}],"twitter_card":"summary_large_image","twitter_misc":{"Est. reading time":"1 minute"},"schema":{"@context":"https:\/\/schema.org","@graph":[{"@type":"WebPage","@id":"https:\/\/www.krampfadern-spezialist.at\/en\/contact-location\/","url":"https:\/\/www.krampfadern-spezialist.at\/en\/contact-location\/","name":"Contact &amp; Location | Ihr Gef\u00e4\u00dfspezialist in Wien | Dr. Kasiri","isPartOf":{"@id":"https:\/\/www.krampfadern-spezialist.at\/en\/#website"},"datePublished":"2024-12-11T07:05:48+00:00","dateModified":"2026-04-16T16:15:24+00:00","breadcrumb":{"@id":"https:\/\/www.krampfadern-spezialist.at\/en\/contact-location\/#breadcrumb"},"inLanguage":"en-US","potentialAction":[{"@type":"ReadAction","target":["https:\/\/www.krampfadern-spezialist.at\/en\/contact-location\/"]}]},{"@type":"BreadcrumbList","@id":"https:\/\/www.krampfadern-spezialist.at\/en\/contact-location\/#breadcrumb","itemListElement":[{"@type":"ListItem","position":1,"name":"Startseite","item":"https:\/\/www.krampfadern-spezialist.at\/en\/"},{"@type":"ListItem","position":2,"name":"Contact &amp; Location"}]},{"@type":"WebSite","@id":"https:\/\/www.krampfadern-spezialist.at\/en\/#website","url":"https:\/\/www.krampfadern-spezialist.at\/en\/","name":"Ihr Gef\u00e4\u00dfspezialist in Wien | Dr. Kasiri","description":"Krampfadern - Arterienbehandlung - Lip\u00f6dem","publisher":{"@id":"https:\/\/www.krampfadern-spezialist.at\/en\/#organization"},"potentialAction":[{"@type":"SearchAction","target":{"@type":"EntryPoint","urlTemplate":"https:\/\/www.krampfadern-spezialist.at\/en\/?s={search_term_string}"},"query-input":{"@type":"PropertyValueSpecification","valueRequired":true,"valueName":"search_term_string"}}],"inLanguage":"en-US"},{"@type":"Organization","@id":"https:\/\/www.krampfadern-spezialist.at\/en\/#organization","name":"Ihr Gef\u00e4\u00dfspezialist in Wien | Dr. Kasiri","url":"https:\/\/www.krampfadern-spezialist.at\/en\/","logo":{"@type":"ImageObject","inLanguage":"en-US","@id":"https:\/\/www.krampfadern-spezialist.at\/en\/#\/schema\/logo\/image\/","url":"https:\/\/www.krampfadern-spezialist.at\/wp-content\/uploads\/2024\/12\/Dr-Kasiri-Gold.png","contentUrl":"https:\/\/www.krampfadern-spezialist.at\/wp-content\/uploads\/2024\/12\/Dr-Kasiri-Gold.png","width":2803,"height":2038,"caption":"Ihr Gef\u00e4\u00dfspezialist in Wien | Dr. Kasiri"},"image":{"@id":"https:\/\/www.krampfadern-spezialist.at\/en\/#\/schema\/logo\/image\/"}}]}},"_links":{"self":[{"href":"https:\/\/www.krampfadern-spezialist.at\/en\/wp-json\/wp\/v2\/pages\/798","targetHints":{"allow":["GET"]}}],"collection":[{"href":"https:\/\/www.krampfadern-spezialist.at\/en\/wp-json\/wp\/v2\/pages"}],"about":[{"href":"https:\/\/www.krampfadern-spezialist.at\/en\/wp-json\/wp\/v2\/types\/page"}],"author":[{"embeddable":true,"href":"https:\/\/www.krampfadern-spezialist.at\/en\/wp-json\/wp\/v2\/users\/2"}],"replies":[{"embeddable":true,"href":"https:\/\/www.krampfadern-spezialist.at\/en\/wp-json\/wp\/v2\/comments?post=798"}],"version-history":[{"count":11,"href":"https:\/\/www.krampfadern-spezialist.at\/en\/wp-json\/wp\/v2\/pages\/798\/revisions"}],"predecessor-version":[{"id":3010,"href":"https:\/\/www.krampfadern-spezialist.at\/en\/wp-json\/wp\/v2\/pages\/798\/revisions\/3010"}],"wp:attachment":[{"href":"https:\/\/www.krampfadern-spezialist.at\/en\/wp-json\/wp\/v2\/media?parent=798"}],"curies":[{"name":"wp","href":"https:\/\/api.w.org\/{rel}","templated":true}]}}