{"id":821,"date":"2024-12-11T10:02:01","date_gmt":"2024-12-11T09:02:01","guid":{"rendered":"https:\/\/www.krampfadern-spezialist.at\/about-me\/"},"modified":"2025-06-17T07:55:35","modified_gmt":"2025-06-17T06:55:35","slug":"about-me","status":"publish","type":"page","link":"https:\/\/www.krampfadern-spezialist.at\/en\/about-me\/","title":{"rendered":"About me"},"content":{"rendered":"\t\t<div data-elementor-type=\"wp-page\" data-elementor-id=\"821\" class=\"elementor elementor-821 elementor-85\" data-elementor-post-type=\"page\">\n\t\t\t\t<div class=\"elementor-element elementor-element-235b0b9 e-flex e-con-boxed e-con e-parent\" data-id=\"235b0b9\" data-element_type=\"container\" data-settings=\"{&quot;background_background&quot;:&quot;classic&quot;}\">\n\t\t\t\t\t<div class=\"e-con-inner\">\n\t\t\t\t<div class=\"elementor-element elementor-element-540ebe3 elementor-widget elementor-widget-spacer\" data-id=\"540ebe3\" data-element_type=\"widget\" data-widget_type=\"spacer.default\">\n\t\t\t\t<div class=\"elementor-widget-container\">\n\t\t\t\t\t\t\t<div class=\"elementor-spacer\">\n\t\t\t<div class=\"elementor-spacer-inner\"><\/div>\n\t\t<\/div>\n\t\t\t\t\t\t<\/div>\n\t\t\t\t<\/div>\n\t\t<div class=\"elementor-element elementor-element-e298812 e-con-full e-flex elementor-invisible e-con e-child\" data-id=\"e298812\" data-element_type=\"container\" data-settings=\"{&quot;background_background&quot;:&quot;classic&quot;,&quot;animation&quot;:&quot;fadeInDown&quot;}\">\n\t\t\t\t<div class=\"elementor-element elementor-element-b0f37e0 elementor-widget elementor-widget-heading\" data-id=\"b0f37e0\" data-element_type=\"widget\" data-widget_type=\"heading.default\">\n\t\t\t\t<div class=\"elementor-widget-container\">\n\t\t\t\t\t<h1 class=\"elementor-heading-title elementor-size-default\">About me<\/h1>\t\t\t\t<\/div>\n\t\t\t\t<\/div>\n\t\t\t\t<\/div>\n\t\t\t\t\t<\/div>\n\t\t\t\t<\/div>\n\t\t<div class=\"elementor-element elementor-element-9198c43 e-con-full e-flex e-con e-parent\" data-id=\"9198c43\" data-element_type=\"container\" data-settings=\"{&quot;background_background&quot;:&quot;classic&quot;}\">\n\t\t<div class=\"elementor-element elementor-element-e499423 e-con-full e-flex e-con e-child\" data-id=\"e499423\" data-element_type=\"container\" data-settings=\"{&quot;background_background&quot;:&quot;classic&quot;}\">\n\t\t\t\t<div class=\"elementor-element elementor-element-e750d72 elementor-widget elementor-widget-heading\" data-id=\"e750d72\" data-element_type=\"widget\" data-widget_type=\"heading.default\">\n\t\t\t\t<div class=\"elementor-widget-container\">\n\t\t\t\t\t<h2 class=\"elementor-heading-title elementor-size-default\">Dr. med. univ. Mohammad M. Kasiri PhD<\/h2>\t\t\t\t<\/div>\n\t\t\t\t<\/div>\n\t\t\t\t<div class=\"elementor-element elementor-element-e35b53c elementor-widget elementor-widget-heading\" data-id=\"e35b53c\" data-element_type=\"widget\" data-widget_type=\"heading.default\">\n\t\t\t\t<div class=\"elementor-widget-container\">\n\t\t\t\t\t<h6 class=\"elementor-heading-title elementor-size-default\">Specialist for vascular surgery<\/h6>\t\t\t\t<\/div>\n\t\t\t\t<\/div>\n\t\t\t\t<div class=\"elementor-element elementor-element-087ef61 elementor-widget elementor-widget-heading\" data-id=\"087ef61\" data-element_type=\"widget\" data-widget_type=\"heading.default\">\n\t\t\t\t<div class=\"elementor-widget-container\">\n\t\t\t\t\t<h6 class=\"elementor-heading-title elementor-size-default\">Specialist for general &amp; visceral surgery<\/h6>\t\t\t\t<\/div>\n\t\t\t\t<\/div>\n\t\t\t\t<div class=\"elementor-element elementor-element-6ed86b0 elementor-widget elementor-widget-heading\" data-id=\"6ed86b0\" data-element_type=\"widget\" data-widget_type=\"heading.default\">\n\t\t\t\t<div class=\"elementor-widget-container\">\n\t\t\t\t\t<h6 class=\"elementor-heading-title elementor-size-default\">Aesthetic surgery  <\/h6>\t\t\t\t<\/div>\n\t\t\t\t<\/div>\n\t\t\t\t<\/div>\n\t\t<div class=\"elementor-element elementor-element-8659655 e-con-full e-flex e-con e-child\" data-id=\"8659655\" data-element_type=\"container\">\n\t\t\t\t<div class=\"elementor-element elementor-element-85fdf28 elementor-widget elementor-widget-image\" data-id=\"85fdf28\" data-element_type=\"widget\" data-widget_type=\"image.default\">\n\t\t\t\t<div class=\"elementor-widget-container\">\n\t\t\t\t\t\t\t\t\t\t\t\t\t\t\t<img fetchpriority=\"high\" decoding=\"async\" width=\"1024\" height=\"683\" src=\"https:\/\/www.krampfadern-spezialist.at\/wp-content\/uploads\/2025\/01\/Kampfadern-Kasiri-0065-1024x683.jpg\" class=\"attachment-large size-large wp-image-785\" alt=\"\" srcset=\"https:\/\/www.krampfadern-spezialist.at\/wp-content\/uploads\/2025\/01\/Kampfadern-Kasiri-0065-1024x683.jpg 1024w, https:\/\/www.krampfadern-spezialist.at\/wp-content\/uploads\/2025\/01\/Kampfadern-Kasiri-0065-300x200.jpg 300w, https:\/\/www.krampfadern-spezialist.at\/wp-content\/uploads\/2025\/01\/Kampfadern-Kasiri-0065-768x512.jpg 768w, https:\/\/www.krampfadern-spezialist.at\/wp-content\/uploads\/2025\/01\/Kampfadern-Kasiri-0065-1536x1024.jpg 1536w, https:\/\/www.krampfadern-spezialist.at\/wp-content\/uploads\/2025\/01\/Kampfadern-Kasiri-0065-2048x1365.jpg 2048w, https:\/\/www.krampfadern-spezialist.at\/wp-content\/uploads\/2025\/01\/Kampfadern-Kasiri-0065-930x620.jpg 930w\" sizes=\"(max-width: 1024px) 100vw, 1024px\" \/>\t\t\t\t\t\t\t\t\t\t\t\t\t\t\t<\/div>\n\t\t\t\t<\/div>\n\t\t\t\t<\/div>\n\t\t\t\t<\/div>\n\t\t<div class=\"elementor-element elementor-element-afa1b7e e-flex e-con-boxed e-con e-parent\" data-id=\"afa1b7e\" data-element_type=\"container\">\n\t\t\t\t\t<div class=\"e-con-inner\">\n\t\t\t\t<div class=\"elementor-element elementor-element-2ecb527 elementor-widget elementor-widget-text-editor\" data-id=\"2ecb527\" data-element_type=\"widget\" data-widget_type=\"text-editor.default\">\n\t\t\t\t<div class=\"elementor-widget-container\">\n\t\t\t\t\t\t\t\t\t<p>In 2007, during my medical studies at the Medical University of Vienna, I discovered my passion for surgery. Even as a student, I gained extensive experience in the surgical departments of Viennese hospitals and discovered my enthusiasm for research. This led me to an additional doctoral degree (PhD) in &#8220;Vascular Biology&#8221;. In 2013, I was given the opportunity to work in the renowned Christian Doppler Laboratory at Vienna General Hospital, where I gained valuable insights into the diagnosis of cardiovascular diseases.   <\/p><p>After studying medicine, I completed my specialist training in general and visceral surgery at Vienna General Hospital. During my clinical rotations at the Hanusch Hospital and the Donaustadt Clinic, I gained extensive experience, particularly in the treatment of varicose veins and veins. I then specialized at the Clinical Department of Vascular Surgery at Vienna General Hospital.  <\/p><p>My professional journey has taken me through several countries, where I was able to gain valuable experience in minimally invasive endoluminal vascular surgery. This international perspective enables me to combine modern treatment methods for diseases of the abdominal aorta (abdominal aorta) and arterial occlusive diseases. <\/p><p>Today I am married and the proud father of two children. I also work as a consultant and attending physician in renowned private hospitals in Vienna. In addition to my clinical work, I am involved in research and teaching. My focus is on the treatment of vascular problems, including narrowing of the carotid artery (carotid stenosis), varicose veins (varices) and arterial occlusive diseases. I have participated in various national and international research projects and published my work in renowned journals. As a senior mentor at the Medical University of Vienna, I support students on their path into medicine.     <\/p><p>My aim is not only to offer the best possible medical care, but also to create a feeling of security and trust.<\/p><p>I look forward to welcoming you to my practice and accompanying you on your path to health and well-being.<\/p>\t\t\t\t\t\t\t\t<\/div>\n\t\t\t\t<\/div>\n\t\t\t\t\t<\/div>\n\t\t\t\t<\/div>\n\t\t\t\t<\/div>\n\t\t","protected":false},"excerpt":{"rendered":"<p>About me Dr. med. univ. Mohammad M. Kasiri PhD Specialist for vascular surgery Specialist for general &amp; visceral surgery Aesthetic surgery In 2007, during my medical studies at the Medical University of Vienna, I discovered my passion for surgery. Even as a student, I gained extensive experience in the surgical departments of Viennese hospitals and&hellip;&nbsp;<a href=\"https:\/\/www.krampfadern-spezialist.at\/en\/about-me\/\" rel=\"bookmark\"><span class=\"screen-reader-text\">About me<\/span><\/a><\/p>\n","protected":false},"author":2,"featured_media":0,"parent":0,"menu_order":0,"comment_status":"closed","ping_status":"closed","template":"page-templates\/template-pagebuilder-full-width.php","meta":{"neve_meta_sidebar":"","neve_meta_container":"","neve_meta_enable_content_width":"","neve_meta_content_width":0,"neve_meta_title_alignment":"","neve_meta_author_avatar":"","neve_post_elements_order":"","neve_meta_disable_header":"","neve_meta_disable_footer":"","neve_meta_disable_title":"","neve_meta_reading_time":"","footnotes":""},"class_list":["post-821","page","type-page","status-publish","hentry"],"yoast_head":"<!-- This site is optimized with the Yoast SEO plugin v26.6 - https:\/\/yoast.com\/wordpress\/plugins\/seo\/ -->\n<title>About me | Ihr Gef\u00e4\u00dfspezialist in Wien | Dr. Kasiri<\/title>\n<meta name=\"robots\" content=\"index, follow, max-snippet:-1, max-image-preview:large, max-video-preview:-1\" \/>\n<link rel=\"canonical\" href=\"https:\/\/www.krampfadern-spezialist.at\/en\/about-me\/\" \/>\n<meta property=\"og:locale\" content=\"en_US\" \/>\n<meta property=\"og:type\" content=\"article\" \/>\n<meta property=\"og:title\" content=\"About me | Ihr Gef\u00e4\u00dfspezialist in Wien | Dr. Kasiri\" \/>\n<meta property=\"og:description\" content=\"About me Dr. med. univ. Mohammad M. Kasiri PhD Specialist for vascular surgery Specialist for general &amp; visceral surgery Aesthetic surgery In 2007, during my medical studies at the Medical University of Vienna, I discovered my passion for surgery. Even as a student, I gained extensive experience in the surgical departments of Viennese hospitals and&hellip;&nbsp;About me\" \/>\n<meta property=\"og:url\" content=\"https:\/\/www.krampfadern-spezialist.at\/en\/about-me\/\" \/>\n<meta property=\"og:site_name\" content=\"Ihr Gef\u00e4\u00dfspezialist in Wien | Dr. Kasiri\" \/>\n<meta property=\"article:modified_time\" content=\"2025-06-17T06:55:35+00:00\" \/>\n<meta property=\"og:image\" content=\"https:\/\/www.krampfadern-spezialist.at\/wp-content\/uploads\/2025\/01\/Kampfadern-Kasiri-0065-scaled.jpg\" \/>\n\t<meta property=\"og:image:width\" content=\"2560\" \/>\n\t<meta property=\"og:image:height\" content=\"1707\" \/>\n\t<meta property=\"og:image:type\" content=\"image\/jpeg\" \/>\n<meta name=\"twitter:card\" content=\"summary_large_image\" \/>\n<meta name=\"twitter:label1\" content=\"Est. reading time\" \/>\n\t<meta name=\"twitter:data1\" content=\"2 minutes\" \/>\n<script type=\"application\/ld+json\" class=\"yoast-schema-graph\">{\"@context\":\"https:\/\/schema.org\",\"@graph\":[{\"@type\":\"WebPage\",\"@id\":\"https:\/\/www.krampfadern-spezialist.at\/en\/about-me\/\",\"url\":\"https:\/\/www.krampfadern-spezialist.at\/en\/about-me\/\",\"name\":\"About me | Ihr Gef\u00e4\u00dfspezialist in Wien | Dr. Kasiri\",\"isPartOf\":{\"@id\":\"https:\/\/www.krampfadern-spezialist.at\/en\/#website\"},\"primaryImageOfPage\":{\"@id\":\"https:\/\/www.krampfadern-spezialist.at\/en\/about-me\/#primaryimage\"},\"image\":{\"@id\":\"https:\/\/www.krampfadern-spezialist.at\/en\/about-me\/#primaryimage\"},\"thumbnailUrl\":\"https:\/\/www.krampfadern-spezialist.at\/wp-content\/uploads\/2025\/01\/Kampfadern-Kasiri-0065-1024x683.jpg\",\"datePublished\":\"2024-12-11T09:02:01+00:00\",\"dateModified\":\"2025-06-17T06:55:35+00:00\",\"breadcrumb\":{\"@id\":\"https:\/\/www.krampfadern-spezialist.at\/en\/about-me\/#breadcrumb\"},\"inLanguage\":\"en-US\",\"potentialAction\":[{\"@type\":\"ReadAction\",\"target\":[\"https:\/\/www.krampfadern-spezialist.at\/en\/about-me\/\"]}]},{\"@type\":\"ImageObject\",\"inLanguage\":\"en-US\",\"@id\":\"https:\/\/www.krampfadern-spezialist.at\/en\/about-me\/#primaryimage\",\"url\":\"https:\/\/www.krampfadern-spezialist.at\/wp-content\/uploads\/2025\/01\/Kampfadern-Kasiri-0065-1024x683.jpg\",\"contentUrl\":\"https:\/\/www.krampfadern-spezialist.at\/wp-content\/uploads\/2025\/01\/Kampfadern-Kasiri-0065-1024x683.jpg\"},{\"@type\":\"BreadcrumbList\",\"@id\":\"https:\/\/www.krampfadern-spezialist.at\/en\/about-me\/#breadcrumb\",\"itemListElement\":[{\"@type\":\"ListItem\",\"position\":1,\"name\":\"Startseite\",\"item\":\"https:\/\/www.krampfadern-spezialist.at\/en\/\"},{\"@type\":\"ListItem\",\"position\":2,\"name\":\"About me\"}]},{\"@type\":\"WebSite\",\"@id\":\"https:\/\/www.krampfadern-spezialist.at\/en\/#website\",\"url\":\"https:\/\/www.krampfadern-spezialist.at\/en\/\",\"name\":\"Ihr Gef\u00e4\u00dfspezialist in Wien | Dr. Kasiri\",\"description\":\"Krampfadern - Arterienbehandlung - Lip\u00f6dem\",\"publisher\":{\"@id\":\"https:\/\/www.krampfadern-spezialist.at\/en\/#organization\"},\"potentialAction\":[{\"@type\":\"SearchAction\",\"target\":{\"@type\":\"EntryPoint\",\"urlTemplate\":\"https:\/\/www.krampfadern-spezialist.at\/en\/?s={search_term_string}\"},\"query-input\":{\"@type\":\"PropertyValueSpecification\",\"valueRequired\":true,\"valueName\":\"search_term_string\"}}],\"inLanguage\":\"en-US\"},{\"@type\":\"Organization\",\"@id\":\"https:\/\/www.krampfadern-spezialist.at\/en\/#organization\",\"name\":\"Ihr Gef\u00e4\u00dfspezialist in Wien | Dr. Kasiri\",\"url\":\"https:\/\/www.krampfadern-spezialist.at\/en\/\",\"logo\":{\"@type\":\"ImageObject\",\"inLanguage\":\"en-US\",\"@id\":\"https:\/\/www.krampfadern-spezialist.at\/en\/#\/schema\/logo\/image\/\",\"url\":\"https:\/\/www.krampfadern-spezialist.at\/wp-content\/uploads\/2024\/12\/Dr-Kasiri-Gold.png\",\"contentUrl\":\"https:\/\/www.krampfadern-spezialist.at\/wp-content\/uploads\/2024\/12\/Dr-Kasiri-Gold.png\",\"width\":2803,\"height\":2038,\"caption\":\"Ihr Gef\u00e4\u00dfspezialist in Wien | Dr. Kasiri\"},\"image\":{\"@id\":\"https:\/\/www.krampfadern-spezialist.at\/en\/#\/schema\/logo\/image\/\"}}]}<\/script>\n<!-- \/ Yoast SEO plugin. -->","yoast_head_json":{"title":"About me | Ihr Gef\u00e4\u00dfspezialist in Wien | Dr. Kasiri","robots":{"index":"index","follow":"follow","max-snippet":"max-snippet:-1","max-image-preview":"max-image-preview:large","max-video-preview":"max-video-preview:-1"},"canonical":"https:\/\/www.krampfadern-spezialist.at\/en\/about-me\/","og_locale":"en_US","og_type":"article","og_title":"About me | Ihr Gef\u00e4\u00dfspezialist in Wien | Dr. Kasiri","og_description":"About me Dr. med. univ. Mohammad M. Kasiri PhD Specialist for vascular surgery Specialist for general &amp; visceral surgery Aesthetic surgery In 2007, during my medical studies at the Medical University of Vienna, I discovered my passion for surgery. Even as a student, I gained extensive experience in the surgical departments of Viennese hospitals and&hellip;&nbsp;About me","og_url":"https:\/\/www.krampfadern-spezialist.at\/en\/about-me\/","og_site_name":"Ihr Gef\u00e4\u00dfspezialist in Wien | Dr. Kasiri","article_modified_time":"2025-06-17T06:55:35+00:00","og_image":[{"width":2560,"height":1707,"url":"https:\/\/www.krampfadern-spezialist.at\/wp-content\/uploads\/2025\/01\/Kampfadern-Kasiri-0065-scaled.jpg","type":"image\/jpeg"}],"twitter_card":"summary_large_image","twitter_misc":{"Est. reading time":"2 minutes"},"schema":{"@context":"https:\/\/schema.org","@graph":[{"@type":"WebPage","@id":"https:\/\/www.krampfadern-spezialist.at\/en\/about-me\/","url":"https:\/\/www.krampfadern-spezialist.at\/en\/about-me\/","name":"About me | Ihr Gef\u00e4\u00dfspezialist in Wien | Dr. Kasiri","isPartOf":{"@id":"https:\/\/www.krampfadern-spezialist.at\/en\/#website"},"primaryImageOfPage":{"@id":"https:\/\/www.krampfadern-spezialist.at\/en\/about-me\/#primaryimage"},"image":{"@id":"https:\/\/www.krampfadern-spezialist.at\/en\/about-me\/#primaryimage"},"thumbnailUrl":"https:\/\/www.krampfadern-spezialist.at\/wp-content\/uploads\/2025\/01\/Kampfadern-Kasiri-0065-1024x683.jpg","datePublished":"2024-12-11T09:02:01+00:00","dateModified":"2025-06-17T06:55:35+00:00","breadcrumb":{"@id":"https:\/\/www.krampfadern-spezialist.at\/en\/about-me\/#breadcrumb"},"inLanguage":"en-US","potentialAction":[{"@type":"ReadAction","target":["https:\/\/www.krampfadern-spezialist.at\/en\/about-me\/"]}]},{"@type":"ImageObject","inLanguage":"en-US","@id":"https:\/\/www.krampfadern-spezialist.at\/en\/about-me\/#primaryimage","url":"https:\/\/www.krampfadern-spezialist.at\/wp-content\/uploads\/2025\/01\/Kampfadern-Kasiri-0065-1024x683.jpg","contentUrl":"https:\/\/www.krampfadern-spezialist.at\/wp-content\/uploads\/2025\/01\/Kampfadern-Kasiri-0065-1024x683.jpg"},{"@type":"BreadcrumbList","@id":"https:\/\/www.krampfadern-spezialist.at\/en\/about-me\/#breadcrumb","itemListElement":[{"@type":"ListItem","position":1,"name":"Startseite","item":"https:\/\/www.krampfadern-spezialist.at\/en\/"},{"@type":"ListItem","position":2,"name":"About me"}]},{"@type":"WebSite","@id":"https:\/\/www.krampfadern-spezialist.at\/en\/#website","url":"https:\/\/www.krampfadern-spezialist.at\/en\/","name":"Ihr Gef\u00e4\u00dfspezialist in Wien | Dr. Kasiri","description":"Krampfadern - Arterienbehandlung - Lip\u00f6dem","publisher":{"@id":"https:\/\/www.krampfadern-spezialist.at\/en\/#organization"},"potentialAction":[{"@type":"SearchAction","target":{"@type":"EntryPoint","urlTemplate":"https:\/\/www.krampfadern-spezialist.at\/en\/?s={search_term_string}"},"query-input":{"@type":"PropertyValueSpecification","valueRequired":true,"valueName":"search_term_string"}}],"inLanguage":"en-US"},{"@type":"Organization","@id":"https:\/\/www.krampfadern-spezialist.at\/en\/#organization","name":"Ihr Gef\u00e4\u00dfspezialist in Wien | Dr. Kasiri","url":"https:\/\/www.krampfadern-spezialist.at\/en\/","logo":{"@type":"ImageObject","inLanguage":"en-US","@id":"https:\/\/www.krampfadern-spezialist.at\/en\/#\/schema\/logo\/image\/","url":"https:\/\/www.krampfadern-spezialist.at\/wp-content\/uploads\/2024\/12\/Dr-Kasiri-Gold.png","contentUrl":"https:\/\/www.krampfadern-spezialist.at\/wp-content\/uploads\/2024\/12\/Dr-Kasiri-Gold.png","width":2803,"height":2038,"caption":"Ihr Gef\u00e4\u00dfspezialist in Wien | Dr. Kasiri"},"image":{"@id":"https:\/\/www.krampfadern-spezialist.at\/en\/#\/schema\/logo\/image\/"}}]}},"_links":{"self":[{"href":"https:\/\/www.krampfadern-spezialist.at\/en\/wp-json\/wp\/v2\/pages\/821","targetHints":{"allow":["GET"]}}],"collection":[{"href":"https:\/\/www.krampfadern-spezialist.at\/en\/wp-json\/wp\/v2\/pages"}],"about":[{"href":"https:\/\/www.krampfadern-spezialist.at\/en\/wp-json\/wp\/v2\/types\/page"}],"author":[{"embeddable":true,"href":"https:\/\/www.krampfadern-spezialist.at\/en\/wp-json\/wp\/v2\/users\/2"}],"replies":[{"embeddable":true,"href":"https:\/\/www.krampfadern-spezialist.at\/en\/wp-json\/wp\/v2\/comments?post=821"}],"version-history":[{"count":4,"href":"https:\/\/www.krampfadern-spezialist.at\/en\/wp-json\/wp\/v2\/pages\/821\/revisions"}],"predecessor-version":[{"id":2117,"href":"https:\/\/www.krampfadern-spezialist.at\/en\/wp-json\/wp\/v2\/pages\/821\/revisions\/2117"}],"wp:attachment":[{"href":"https:\/\/www.krampfadern-spezialist.at\/en\/wp-json\/wp\/v2\/media?parent=821"}],"curies":[{"name":"wp","href":"https:\/\/api.w.org\/{rel}","templated":true}]}}