{"id":827,"date":"2024-12-11T08:06:25","date_gmt":"2024-12-11T07:06:25","guid":{"rendered":"https:\/\/www.krampfadern-spezialist.at\/data-protection\/"},"modified":"2025-07-29T09:42:00","modified_gmt":"2025-07-29T08:42:00","slug":"data-protection","status":"publish","type":"page","link":"https:\/\/www.krampfadern-spezialist.at\/en\/data-protection\/","title":{"rendered":"Data protection"},"content":{"rendered":"\t\t<div data-elementor-type=\"wp-page\" data-elementor-id=\"827\" class=\"elementor elementor-827 elementor-50\" data-elementor-post-type=\"page\">\n\t\t\t\t<div class=\"elementor-element elementor-element-0726b9a e-flex e-con-boxed e-con e-parent\" data-id=\"0726b9a\" data-element_type=\"container\" data-settings=\"{&quot;background_background&quot;:&quot;classic&quot;}\">\n\t\t\t\t\t<div class=\"e-con-inner\">\n\t\t\t\t<div class=\"elementor-element elementor-element-8cdf73b elementor-widget elementor-widget-spacer\" data-id=\"8cdf73b\" data-element_type=\"widget\" data-widget_type=\"spacer.default\">\n\t\t\t\t<div class=\"elementor-widget-container\">\n\t\t\t\t\t\t\t<div class=\"elementor-spacer\">\n\t\t\t<div class=\"elementor-spacer-inner\"><\/div>\n\t\t<\/div>\n\t\t\t\t\t\t<\/div>\n\t\t\t\t<\/div>\n\t\t<div class=\"elementor-element elementor-element-8eb5c60 e-con-full e-flex elementor-invisible e-con e-child\" data-id=\"8eb5c60\" data-element_type=\"container\" data-settings=\"{&quot;background_background&quot;:&quot;classic&quot;,&quot;animation&quot;:&quot;fadeInDown&quot;}\">\n\t\t\t\t<div class=\"elementor-element elementor-element-0d2f201 elementor-hidden-desktop elementor-hidden-tablet elementor-widget elementor-widget-heading\" data-id=\"0d2f201\" data-element_type=\"widget\" data-widget_type=\"heading.default\">\n\t\t\t\t<div class=\"elementor-widget-container\">\n\t\t\t\t\t<h1 class=\"elementor-heading-title elementor-size-default\">Data protection<br>declaration<\/h1>\t\t\t\t<\/div>\n\t\t\t\t<\/div>\n\t\t\t\t<div class=\"elementor-element elementor-element-976df24 elementor-hidden-mobile elementor-widget elementor-widget-heading\" data-id=\"976df24\" data-element_type=\"widget\" data-widget_type=\"heading.default\">\n\t\t\t\t<div class=\"elementor-widget-container\">\n\t\t\t\t\t<h1 class=\"elementor-heading-title elementor-size-default\">Privacy policy<\/h1>\t\t\t\t<\/div>\n\t\t\t\t<\/div>\n\t\t\t\t<\/div>\n\t\t\t\t\t<\/div>\n\t\t\t\t<\/div>\n\t\t<div class=\"elementor-element elementor-element-ba80c27 e-flex e-con-boxed e-con e-parent\" data-id=\"ba80c27\" data-element_type=\"container\">\n\t\t\t\t\t<div class=\"e-con-inner\">\n\t\t\t\t<div class=\"elementor-element elementor-element-3cd1652 elementor-widget elementor-widget-heading\" data-id=\"3cd1652\" data-element_type=\"widget\" data-widget_type=\"heading.default\">\n\t\t\t\t<div class=\"elementor-widget-container\">\n\t\t\t\t\t<h2 class=\"elementor-heading-title elementor-size-default\">Person responsible<\/h2>\t\t\t\t<\/div>\n\t\t\t\t<\/div>\n\t\t\t\t<div class=\"elementor-element elementor-element-17d94f2 elementor-widget elementor-widget-text-editor\" data-id=\"17d94f2\" data-element_type=\"widget\" data-widget_type=\"text-editor.default\">\n\t\t\t\t<div class=\"elementor-widget-container\">\n\t\t\t\t\t\t\t\t\t<p><strong>You can reach us at the following contact details:<br><\/strong>Dr. med. univ. Mohammad Mahdi Kasiri PHD<\/p><p><strong>Tel: <\/strong><a href=\"tel:+436601200821\"><span class=\"elementor-icon-list-text\">+43 660 120 0821<\/span><\/a><strong><br><span class=\"elementor-icon-list-text\">Mail: <\/span><\/strong><span class=\"elementor-icon-list-text\"><a href=\"mailto:office@dr-kasiri.com\">office@dr-kasiri.com<\/a><\/span><strong><span class=\"elementor-icon-list-text\"><br><\/span><span class=\"elementor-icon-list-text\">Address: <\/span><\/strong><span class=\"elementor-icon-list-text\">Elterleinplatz 13\/8\/R01, 1170 Vienna<\/span><\/p>\t\t\t\t\t\t\t\t<\/div>\n\t\t\t\t<\/div>\n\t\t\t\t\t<\/div>\n\t\t\t\t<\/div>\n\t\t<div class=\"elementor-element elementor-element-2fb8f93 e-flex e-con-boxed e-con e-parent\" data-id=\"2fb8f93\" data-element_type=\"container\">\n\t\t\t\t\t<div class=\"e-con-inner\">\n\t\t\t\t<div class=\"elementor-element elementor-element-1133a63 elementor-widget elementor-widget-heading\" data-id=\"1133a63\" data-element_type=\"widget\" data-widget_type=\"heading.default\">\n\t\t\t\t<div class=\"elementor-widget-container\">\n\t\t\t\t\t<h2 class=\"elementor-heading-title elementor-size-default\">Data acquisition<\/h2>\t\t\t\t<\/div>\n\t\t\t\t<\/div>\n\t\t\t\t<div class=\"elementor-element elementor-element-dc896fc elementor-widget elementor-widget-text-editor\" data-id=\"dc896fc\" data-element_type=\"widget\" data-widget_type=\"text-editor.default\">\n\t\t\t\t<div class=\"elementor-widget-container\">\n\t\t\t\t\t\t\t\t\t<p>The protection of your data is of particular concern to us. We therefore process your data exclusively on the basis of the statutory provisions (GDPR, TKG). In this data protection information, we inform you about the most important aspects of data processing in the context of our website. when you visit our website, your IP address, start and end of the session are recorded for the duration of this session. This is necessary for the technical reason of the contact between your computer and our web server and thus represents a legitimate interest within the meaning of Art. 6 para. 1 lit. f GDPR. Unless otherwise specified below, we will not process this data any further.  <\/p>\t\t\t\t\t\t\t\t<\/div>\n\t\t\t\t<\/div>\n\t\t\t\t\t<\/div>\n\t\t\t\t<\/div>\n\t\t<div class=\"elementor-element elementor-element-6add294 e-flex e-con-boxed e-con e-parent\" data-id=\"6add294\" data-element_type=\"container\">\n\t\t\t\t\t<div class=\"e-con-inner\">\n\t\t\t\t<div class=\"elementor-element elementor-element-b49902b elementor-widget elementor-widget-heading\" data-id=\"b49902b\" data-element_type=\"widget\" data-widget_type=\"heading.default\">\n\t\t\t\t<div class=\"elementor-widget-container\">\n\t\t\t\t\t<h2 class=\"elementor-heading-title elementor-size-default\">Contact with us<\/h2>\t\t\t\t<\/div>\n\t\t\t\t<\/div>\n\t\t\t\t<div class=\"elementor-element elementor-element-3cc573c elementor-widget elementor-widget-text-editor\" data-id=\"3cc573c\" data-element_type=\"widget\" data-widget_type=\"text-editor.default\">\n\t\t\t\t<div class=\"elementor-widget-container\">\n\t\t\t\t\t\t\t\t\t<p>You have voluntarily provided us with data about yourself and we process this data on the basis of your consent for the following purposes: If you contact us using the form on the website or by e-mail, the data you provide will be stored by us for six months for the purpose of processing the inquiry and in the event of follow-up questions. This is a legitimate interest within the meaning of the GDPR. We do not pass on this data without your consent.<\/p><p>You can revoke this consent at any time. If you withdraw your consent, we will no longer process your data for the above-mentioned purposes from that point on. To revoke your consent, please contact: <a href=\"mailto:office@dr-kasiri.com\">office@dr-kasiri.com <\/a> <\/p>\t\t\t\t\t\t\t\t<\/div>\n\t\t\t\t<\/div>\n\t\t\t\t\t<\/div>\n\t\t\t\t<\/div>\n\t\t<div class=\"elementor-element elementor-element-fb1d8bb e-flex e-con-boxed e-con e-parent\" data-id=\"fb1d8bb\" data-element_type=\"container\">\n\t\t\t\t\t<div class=\"e-con-inner\">\n\t\t\t\t<div class=\"elementor-element elementor-element-0720503 elementor-widget elementor-widget-heading\" data-id=\"0720503\" data-element_type=\"widget\" data-widget_type=\"heading.default\">\n\t\t\t\t<div class=\"elementor-widget-container\">\n\t\t\t\t\t<h2 class=\"elementor-heading-title elementor-size-default\">(Pre-)contractual obligations<\/h2>\t\t\t\t<\/div>\n\t\t\t\t<\/div>\n\t\t\t\t<div class=\"elementor-element elementor-element-8b6c58e elementor-widget elementor-widget-text-editor\" data-id=\"8b6c58e\" data-element_type=\"widget\" data-widget_type=\"text-editor.default\">\n\t\t\t\t<div class=\"elementor-widget-container\">\n\t\t\t\t\t\t\t\t\t<p>Should a contract be concluded in the course of contacting us, your data will be stored until complete fulfillment and, if necessary, until the end of the tax retention period (7 years), as we cannot fulfill the contract without the data you provide.<br>The same applies in the case of pre-contractual obligations.  <\/p>\t\t\t\t\t\t\t\t<\/div>\n\t\t\t\t<\/div>\n\t\t\t\t\t<\/div>\n\t\t\t\t<\/div>\n\t\t<div class=\"elementor-element elementor-element-78393f5 e-flex e-con-boxed e-con e-parent\" data-id=\"78393f5\" data-element_type=\"container\">\n\t\t\t\t\t<div class=\"e-con-inner\">\n\t\t\t\t<div class=\"elementor-element elementor-element-c3cf8df elementor-widget elementor-widget-heading\" data-id=\"c3cf8df\" data-element_type=\"widget\" data-widget_type=\"heading.default\">\n\t\t\t\t<div class=\"elementor-widget-container\">\n\t\t\t\t\t<h2 class=\"elementor-heading-title elementor-size-default\">Your rights<\/h2>\t\t\t\t<\/div>\n\t\t\t\t<\/div>\n\t\t\t\t<div class=\"elementor-element elementor-element-b8d8720 elementor-widget elementor-widget-text-editor\" data-id=\"b8d8720\" data-element_type=\"widget\" data-widget_type=\"text-editor.default\">\n\t\t\t\t<div class=\"elementor-widget-container\">\n\t\t\t\t\t\t\t\t\t<p>In principle, you have the right to information, correction, deletion, restriction, data portability, revocation and objection with regard to your data processed by us. If you believe that the processing of your data violates data protection law or your data protection claims have otherwise been violated in any way, you can contact us at <span class=\"elementor-icon-list-text\"><a href=\"mailto:office@dr-kasiri.com\">office@dr-kasiri.com<\/a><\/span> or the data protection authority.<\/p>\t\t\t\t\t\t\t\t<\/div>\n\t\t\t\t<\/div>\n\t\t\t\t\t<\/div>\n\t\t\t\t<\/div>\n\t\t<div class=\"elementor-element elementor-element-ddaede8 e-flex e-con-boxed e-con e-parent\" data-id=\"ddaede8\" data-element_type=\"container\">\n\t\t\t\t\t<div class=\"e-con-inner\">\n\t\t\t\t<div class=\"elementor-element elementor-element-5f449e2 elementor-widget elementor-widget-heading\" data-id=\"5f449e2\" data-element_type=\"widget\" data-widget_type=\"heading.default\">\n\t\t\t\t<div class=\"elementor-widget-container\">\n\t\t\t\t\t<h2 class=\"elementor-heading-title elementor-size-default\">Real Cookie Banner<\/h2>\t\t\t\t<\/div>\n\t\t\t\t<\/div>\n\t\t\t\t<div class=\"elementor-element elementor-element-ca6eec9 elementor-widget elementor-widget-text-editor\" data-id=\"ca6eec9\" data-element_type=\"widget\" data-widget_type=\"text-editor.default\">\n\t\t\t\t<div class=\"elementor-widget-container\">\n\t\t\t\t\t\t\t\t\t<p>We use the &#8220;Real Cookie Banner&#8221; consent tool to manage the cookies and similar technologies used (tracking pixels, web beacons, etc.) and related consents. Details on how &#8220;Real Cookie Banner&#8221; works can be found at &lt;a href=&#8221;https:\/\/devowl.io\/de\/rcb\/datenverarbeitung\/&#8221; rel=&#8221;noreferrer&#8221; target=&#8221;_blank&#8221;&gt;https:\/\/devowl.io\/de\/rcb\/datenverarbeitung\/&lt;\/a&gt;. <\/p><p>The legal basis for the processing of personal data in this context is Art. 6 para. 1 lit. c GDPR and Art. 6 para. 1 lit. f GDPR. Our legitimate interest is the management of the cookies and similar technologies used and the related consents.     <\/p><p>The provision of personal data is neither contractually required nor necessary for the conclusion of a contract. You are not obliged to provide the personal data. If you do not provide the personal data, we will not be able to manage your consent.  <\/p>\t\t\t\t\t\t\t\t<\/div>\n\t\t\t\t<\/div>\n\t\t\t\t\t<\/div>\n\t\t\t\t<\/div>\n\t\t<div class=\"elementor-element elementor-element-f5d2595 e-flex e-con-boxed e-con e-parent\" data-id=\"f5d2595\" data-element_type=\"container\">\n\t\t\t\t\t<div class=\"e-con-inner\">\n\t\t\t\t<div class=\"elementor-element elementor-element-4a7885a elementor-widget elementor-widget-heading\" data-id=\"4a7885a\" data-element_type=\"widget\" data-widget_type=\"heading.default\">\n\t\t\t\t<div class=\"elementor-widget-container\">\n\t\t\t\t\t<h2 class=\"elementor-heading-title elementor-size-default\">Contact address<\/h2>\t\t\t\t<\/div>\n\t\t\t\t<\/div>\n\t\t\t\t<div class=\"elementor-element elementor-element-f346909 elementor-widget elementor-widget-text-editor\" data-id=\"f346909\" data-element_type=\"widget\" data-widget_type=\"text-editor.default\">\n\t\t\t\t<div class=\"elementor-widget-container\">\n\t\t\t\t\t\t\t\t\t<p><strong>Supervisory authority for compliance with data protection regulations in Austria: Austrian Data Protection Authority<\/strong><br>Barichgasse 40-42<br>1030 Vienna<br>Phone: <a href=\"tel:+431521520\">+43 1 52 152-0<\/a><br>E:<a href=\"mailto:dsb@dsb.gv.at\"> dsb@dsb.gv.at<\/a><br>W: <a href=\"http:\/\/www.dsb.gv.at\/\" target=\"_blank\" rel=\"noopener\">http:\/\/www.dsb.gv.at\/<\/a><\/p><p><strong>Contact address for all matters relating to data protection law: Vienna Economic Chamber Service Center<\/strong><br>Stra\u00dfe der Wiener Wirtschaft 1<br>1020 Vienna<br>T: <a href=\"tel:+431514501010\">+43 1 514 50 1010<\/a><br>Contact form: <a href=\"https:\/\/www.wko.at\/service\/w\/kontakt-wirtschaftsrecht-gewerberecht.html\" target=\"_blank\" rel=\"noopener\">https:\/\/www.wko.at\/service\/w\/kontakt-wirtschaftsrecht-gewerberecht.html<\/a><\/p>\t\t\t\t\t\t\t\t<\/div>\n\t\t\t\t<\/div>\n\t\t\t\t\t<\/div>\n\t\t\t\t<\/div>\n\t\t\t\t<\/div>\n\t\t","protected":false},"excerpt":{"rendered":"<p>Data protectiondeclaration Privacy policy Person responsible You can reach us at the following contact details:Dr. med. univ. Mohammad Mahdi Kasiri PHD Tel: +43 660 120 0821Mail: office@dr-kasiri.comAddress: Elterleinplatz 13\/8\/R01, 1170 Vienna Data acquisition The protection of your data is of particular concern to us. We therefore process your data exclusively on the basis of the&hellip;&nbsp;<a href=\"https:\/\/www.krampfadern-spezialist.at\/en\/data-protection\/\" rel=\"bookmark\"><span class=\"screen-reader-text\">Data protection<\/span><\/a><\/p>\n","protected":false},"author":2,"featured_media":0,"parent":0,"menu_order":0,"comment_status":"closed","ping_status":"closed","template":"page-templates\/template-pagebuilder-full-width.php","meta":{"neve_meta_sidebar":"","neve_meta_container":"","neve_meta_enable_content_width":"","neve_meta_content_width":0,"neve_meta_title_alignment":"","neve_meta_author_avatar":"","neve_post_elements_order":"","neve_meta_disable_header":"","neve_meta_disable_footer":"","neve_meta_disable_title":"","neve_meta_reading_time":"","footnotes":""},"class_list":["post-827","page","type-page","status-publish","hentry"],"yoast_head":"<!-- This site is optimized with the Yoast SEO plugin v26.6 - https:\/\/yoast.com\/wordpress\/plugins\/seo\/ -->\n<title>Data protection | Ihr Gef\u00e4\u00dfspezialist in Wien | Dr. Kasiri<\/title>\n<meta name=\"robots\" content=\"index, follow, max-snippet:-1, max-image-preview:large, max-video-preview:-1\" \/>\n<link rel=\"canonical\" href=\"https:\/\/www.krampfadern-spezialist.at\/en\/data-protection\/\" \/>\n<meta property=\"og:locale\" content=\"en_US\" \/>\n<meta property=\"og:type\" content=\"article\" \/>\n<meta property=\"og:title\" content=\"Data protection | Ihr Gef\u00e4\u00dfspezialist in Wien | Dr. Kasiri\" \/>\n<meta property=\"og:description\" content=\"Data protectiondeclaration Privacy policy Person responsible You can reach us at the following contact details:Dr. med. univ. Mohammad Mahdi Kasiri PHD Tel: +43 660 120 0821Mail: office@dr-kasiri.comAddress: Elterleinplatz 13\/8\/R01, 1170 Vienna Data acquisition The protection of your data is of particular concern to us. We therefore process your data exclusively on the basis of the&hellip;&nbsp;Data protection\" \/>\n<meta property=\"og:url\" content=\"https:\/\/www.krampfadern-spezialist.at\/en\/data-protection\/\" \/>\n<meta property=\"og:site_name\" content=\"Ihr Gef\u00e4\u00dfspezialist in Wien | Dr. Kasiri\" \/>\n<meta property=\"article:modified_time\" content=\"2025-07-29T08:42:00+00:00\" \/>\n<meta property=\"og:image\" content=\"https:\/\/www.krampfadern-spezialist.at\/wp-content\/uploads\/2024\/12\/Dr-Kasiri-Gold.png\" \/>\n\t<meta property=\"og:image:width\" content=\"2803\" \/>\n\t<meta property=\"og:image:height\" content=\"2038\" \/>\n\t<meta property=\"og:image:type\" content=\"image\/png\" \/>\n<meta name=\"twitter:card\" content=\"summary_large_image\" \/>\n<meta name=\"twitter:label1\" content=\"Est. reading time\" \/>\n\t<meta name=\"twitter:data1\" content=\"3 minutes\" \/>\n<script type=\"application\/ld+json\" class=\"yoast-schema-graph\">{\"@context\":\"https:\/\/schema.org\",\"@graph\":[{\"@type\":\"WebPage\",\"@id\":\"https:\/\/www.krampfadern-spezialist.at\/en\/data-protection\/\",\"url\":\"https:\/\/www.krampfadern-spezialist.at\/en\/data-protection\/\",\"name\":\"Data protection | Ihr Gef\u00e4\u00dfspezialist in Wien | Dr. Kasiri\",\"isPartOf\":{\"@id\":\"https:\/\/www.krampfadern-spezialist.at\/en\/#website\"},\"datePublished\":\"2024-12-11T07:06:25+00:00\",\"dateModified\":\"2025-07-29T08:42:00+00:00\",\"breadcrumb\":{\"@id\":\"https:\/\/www.krampfadern-spezialist.at\/en\/data-protection\/#breadcrumb\"},\"inLanguage\":\"en-US\",\"potentialAction\":[{\"@type\":\"ReadAction\",\"target\":[\"https:\/\/www.krampfadern-spezialist.at\/en\/data-protection\/\"]}]},{\"@type\":\"BreadcrumbList\",\"@id\":\"https:\/\/www.krampfadern-spezialist.at\/en\/data-protection\/#breadcrumb\",\"itemListElement\":[{\"@type\":\"ListItem\",\"position\":1,\"name\":\"Startseite\",\"item\":\"https:\/\/www.krampfadern-spezialist.at\/en\/\"},{\"@type\":\"ListItem\",\"position\":2,\"name\":\"Data protection\"}]},{\"@type\":\"WebSite\",\"@id\":\"https:\/\/www.krampfadern-spezialist.at\/en\/#website\",\"url\":\"https:\/\/www.krampfadern-spezialist.at\/en\/\",\"name\":\"Ihr Gef\u00e4\u00dfspezialist in Wien | Dr. Kasiri\",\"description\":\"Krampfadern - Arterienbehandlung - Lip\u00f6dem\",\"publisher\":{\"@id\":\"https:\/\/www.krampfadern-spezialist.at\/en\/#organization\"},\"potentialAction\":[{\"@type\":\"SearchAction\",\"target\":{\"@type\":\"EntryPoint\",\"urlTemplate\":\"https:\/\/www.krampfadern-spezialist.at\/en\/?s={search_term_string}\"},\"query-input\":{\"@type\":\"PropertyValueSpecification\",\"valueRequired\":true,\"valueName\":\"search_term_string\"}}],\"inLanguage\":\"en-US\"},{\"@type\":\"Organization\",\"@id\":\"https:\/\/www.krampfadern-spezialist.at\/en\/#organization\",\"name\":\"Ihr Gef\u00e4\u00dfspezialist in Wien | Dr. Kasiri\",\"url\":\"https:\/\/www.krampfadern-spezialist.at\/en\/\",\"logo\":{\"@type\":\"ImageObject\",\"inLanguage\":\"en-US\",\"@id\":\"https:\/\/www.krampfadern-spezialist.at\/en\/#\/schema\/logo\/image\/\",\"url\":\"https:\/\/www.krampfadern-spezialist.at\/wp-content\/uploads\/2024\/12\/Dr-Kasiri-Gold.png\",\"contentUrl\":\"https:\/\/www.krampfadern-spezialist.at\/wp-content\/uploads\/2024\/12\/Dr-Kasiri-Gold.png\",\"width\":2803,\"height\":2038,\"caption\":\"Ihr Gef\u00e4\u00dfspezialist in Wien | Dr. Kasiri\"},\"image\":{\"@id\":\"https:\/\/www.krampfadern-spezialist.at\/en\/#\/schema\/logo\/image\/\"}}]}<\/script>\n<!-- \/ Yoast SEO plugin. -->","yoast_head_json":{"title":"Data protection | Ihr Gef\u00e4\u00dfspezialist in Wien | Dr. Kasiri","robots":{"index":"index","follow":"follow","max-snippet":"max-snippet:-1","max-image-preview":"max-image-preview:large","max-video-preview":"max-video-preview:-1"},"canonical":"https:\/\/www.krampfadern-spezialist.at\/en\/data-protection\/","og_locale":"en_US","og_type":"article","og_title":"Data protection | Ihr Gef\u00e4\u00dfspezialist in Wien | Dr. Kasiri","og_description":"Data protectiondeclaration Privacy policy Person responsible You can reach us at the following contact details:Dr. med. univ. Mohammad Mahdi Kasiri PHD Tel: +43 660 120 0821Mail: office@dr-kasiri.comAddress: Elterleinplatz 13\/8\/R01, 1170 Vienna Data acquisition The protection of your data is of particular concern to us. We therefore process your data exclusively on the basis of the&hellip;&nbsp;Data protection","og_url":"https:\/\/www.krampfadern-spezialist.at\/en\/data-protection\/","og_site_name":"Ihr Gef\u00e4\u00dfspezialist in Wien | Dr. Kasiri","article_modified_time":"2025-07-29T08:42:00+00:00","og_image":[{"width":2803,"height":2038,"url":"https:\/\/www.krampfadern-spezialist.at\/wp-content\/uploads\/2024\/12\/Dr-Kasiri-Gold.png","type":"image\/png"}],"twitter_card":"summary_large_image","twitter_misc":{"Est. reading time":"3 minutes"},"schema":{"@context":"https:\/\/schema.org","@graph":[{"@type":"WebPage","@id":"https:\/\/www.krampfadern-spezialist.at\/en\/data-protection\/","url":"https:\/\/www.krampfadern-spezialist.at\/en\/data-protection\/","name":"Data protection | Ihr Gef\u00e4\u00dfspezialist in Wien | Dr. Kasiri","isPartOf":{"@id":"https:\/\/www.krampfadern-spezialist.at\/en\/#website"},"datePublished":"2024-12-11T07:06:25+00:00","dateModified":"2025-07-29T08:42:00+00:00","breadcrumb":{"@id":"https:\/\/www.krampfadern-spezialist.at\/en\/data-protection\/#breadcrumb"},"inLanguage":"en-US","potentialAction":[{"@type":"ReadAction","target":["https:\/\/www.krampfadern-spezialist.at\/en\/data-protection\/"]}]},{"@type":"BreadcrumbList","@id":"https:\/\/www.krampfadern-spezialist.at\/en\/data-protection\/#breadcrumb","itemListElement":[{"@type":"ListItem","position":1,"name":"Startseite","item":"https:\/\/www.krampfadern-spezialist.at\/en\/"},{"@type":"ListItem","position":2,"name":"Data protection"}]},{"@type":"WebSite","@id":"https:\/\/www.krampfadern-spezialist.at\/en\/#website","url":"https:\/\/www.krampfadern-spezialist.at\/en\/","name":"Ihr Gef\u00e4\u00dfspezialist in Wien | Dr. Kasiri","description":"Krampfadern - Arterienbehandlung - Lip\u00f6dem","publisher":{"@id":"https:\/\/www.krampfadern-spezialist.at\/en\/#organization"},"potentialAction":[{"@type":"SearchAction","target":{"@type":"EntryPoint","urlTemplate":"https:\/\/www.krampfadern-spezialist.at\/en\/?s={search_term_string}"},"query-input":{"@type":"PropertyValueSpecification","valueRequired":true,"valueName":"search_term_string"}}],"inLanguage":"en-US"},{"@type":"Organization","@id":"https:\/\/www.krampfadern-spezialist.at\/en\/#organization","name":"Ihr Gef\u00e4\u00dfspezialist in Wien | Dr. Kasiri","url":"https:\/\/www.krampfadern-spezialist.at\/en\/","logo":{"@type":"ImageObject","inLanguage":"en-US","@id":"https:\/\/www.krampfadern-spezialist.at\/en\/#\/schema\/logo\/image\/","url":"https:\/\/www.krampfadern-spezialist.at\/wp-content\/uploads\/2024\/12\/Dr-Kasiri-Gold.png","contentUrl":"https:\/\/www.krampfadern-spezialist.at\/wp-content\/uploads\/2024\/12\/Dr-Kasiri-Gold.png","width":2803,"height":2038,"caption":"Ihr Gef\u00e4\u00dfspezialist in Wien | Dr. Kasiri"},"image":{"@id":"https:\/\/www.krampfadern-spezialist.at\/en\/#\/schema\/logo\/image\/"}}]}},"_links":{"self":[{"href":"https:\/\/www.krampfadern-spezialist.at\/en\/wp-json\/wp\/v2\/pages\/827","targetHints":{"allow":["GET"]}}],"collection":[{"href":"https:\/\/www.krampfadern-spezialist.at\/en\/wp-json\/wp\/v2\/pages"}],"about":[{"href":"https:\/\/www.krampfadern-spezialist.at\/en\/wp-json\/wp\/v2\/types\/page"}],"author":[{"embeddable":true,"href":"https:\/\/www.krampfadern-spezialist.at\/en\/wp-json\/wp\/v2\/users\/2"}],"replies":[{"embeddable":true,"href":"https:\/\/www.krampfadern-spezialist.at\/en\/wp-json\/wp\/v2\/comments?post=827"}],"version-history":[{"count":3,"href":"https:\/\/www.krampfadern-spezialist.at\/en\/wp-json\/wp\/v2\/pages\/827\/revisions"}],"predecessor-version":[{"id":2836,"href":"https:\/\/www.krampfadern-spezialist.at\/en\/wp-json\/wp\/v2\/pages\/827\/revisions\/2836"}],"wp:attachment":[{"href":"https:\/\/www.krampfadern-spezialist.at\/en\/wp-json\/wp\/v2\/media?parent=827"}],"curies":[{"name":"wp","href":"https:\/\/api.w.org\/{rel}","templated":true}]}}