{"id":839,"date":"2025-01-02T14:38:52","date_gmt":"2025-01-02T13:38:52","guid":{"rendered":"https:\/\/www.krampfadern-spezialist.at\/carotid-stenosis-narrowing-of-the-carotid-artery\/"},"modified":"2025-02-07T11:02:12","modified_gmt":"2025-02-07T10:02:12","slug":"carotid-stenosis-narrowing-of-the-carotid-artery","status":"publish","type":"page","link":"https:\/\/www.krampfadern-spezialist.at\/en\/carotid-stenosis-narrowing-of-the-carotid-artery\/","title":{"rendered":"Carotid stenosis &#8211; narrowing of the carotid artery"},"content":{"rendered":"\t\t<div data-elementor-type=\"wp-page\" data-elementor-id=\"839\" class=\"elementor elementor-839 elementor-393\" data-elementor-post-type=\"page\">\n\t\t\t\t<div class=\"elementor-element elementor-element-a6f4931 e-flex e-con-boxed e-con e-parent\" data-id=\"a6f4931\" data-element_type=\"container\" data-settings=\"{&quot;background_background&quot;:&quot;classic&quot;}\">\n\t\t\t\t\t<div class=\"e-con-inner\">\n\t\t\t\t<div class=\"elementor-element elementor-element-a472813 elementor-widget elementor-widget-spacer\" data-id=\"a472813\" data-element_type=\"widget\" data-widget_type=\"spacer.default\">\n\t\t\t\t<div class=\"elementor-widget-container\">\n\t\t\t\t\t\t\t<div class=\"elementor-spacer\">\n\t\t\t<div class=\"elementor-spacer-inner\"><\/div>\n\t\t<\/div>\n\t\t\t\t\t\t<\/div>\n\t\t\t\t<\/div>\n\t\t<div class=\"elementor-element elementor-element-1d6ce23 e-con-full e-flex elementor-invisible e-con e-child\" data-id=\"1d6ce23\" data-element_type=\"container\" data-settings=\"{&quot;background_background&quot;:&quot;classic&quot;,&quot;animation&quot;:&quot;fadeInDown&quot;}\">\n\t\t\t\t<div class=\"elementor-element elementor-element-a9e3822 elementor-widget elementor-widget-heading\" data-id=\"a9e3822\" data-element_type=\"widget\" data-widget_type=\"heading.default\">\n\t\t\t\t<div class=\"elementor-widget-container\">\n\t\t\t\t\t<h1 class=\"elementor-heading-title elementor-size-default\">Carotid stenosis - narrowing of the carotid artery<\/h1>\t\t\t\t<\/div>\n\t\t\t\t<\/div>\n\t\t\t\t<div class=\"elementor-element elementor-element-bb56da1 elementor-widget elementor-widget-heading\" data-id=\"bb56da1\" data-element_type=\"widget\" data-widget_type=\"heading.default\">\n\t\t\t\t<div class=\"elementor-widget-container\">\n\t\t\t\t\t<h3 class=\"elementor-heading-title elementor-size-default\">Treatment by a specialist<\/h3>\t\t\t\t<\/div>\n\t\t\t\t<\/div>\n\t\t\t\t<\/div>\n\t\t\t\t\t<\/div>\n\t\t\t\t<\/div>\n\t\t<div class=\"elementor-element elementor-element-d265a04 e-flex e-con-boxed e-con e-parent\" data-id=\"d265a04\" data-element_type=\"container\">\n\t\t\t\t\t<div class=\"e-con-inner\">\n\t\t\t\t<div class=\"elementor-element elementor-element-ebd90b3 elementor-widget elementor-widget-text-editor\" data-id=\"ebd90b3\" data-element_type=\"widget\" data-widget_type=\"text-editor.default\">\n\t\t\t\t<div class=\"elementor-widget-container\">\n\t\t\t\t\t\t\t\t\t<p>Carotid stenosis, a narrowing or calcification of the carotid artery, is caused by deposits on the vessel wall. Common causes are high blood pressure, elevated cholesterol and blood lipid levels, diabetes, smoking and genetic predisposition. This disease should be taken seriously as it significantly increases the risk of a stroke due to blood clots and embolisms in the brain. In addition, a pronounced narrowing or blockage of the artery can lead to reduced blood flow to the brain, which can also trigger a stroke.     <\/p>\n\t\t\t\t\t\t\t\t<\/div>\n\t\t\t\t<\/div>\n\t\t\t\t<div class=\"elementor-element elementor-element-477109b elementor-widget elementor-widget-heading\" data-id=\"477109b\" data-element_type=\"widget\" data-widget_type=\"heading.default\">\n\t\t\t\t<div class=\"elementor-widget-container\">\n\t\t\t\t\t<h2 class=\"elementor-heading-title elementor-size-default\">Typical warning signs<\/h2>\t\t\t\t<\/div>\n\t\t\t\t<\/div>\n\t\t\t\t<div class=\"elementor-element elementor-element-1ac8221 elementor-icon-list--layout-traditional elementor-list-item-link-full_width elementor-widget elementor-widget-icon-list\" data-id=\"1ac8221\" data-element_type=\"widget\" data-widget_type=\"icon-list.default\">\n\t\t\t\t<div class=\"elementor-widget-container\">\n\t\t\t\t\t\t\t<ul class=\"elementor-icon-list-items\">\n\t\t\t\t\t\t\t<li class=\"elementor-icon-list-item\">\n\t\t\t\t\t\t\t\t\t\t\t<span class=\"elementor-icon-list-icon\">\n\t\t\t\t\t\t\t<svg aria-hidden=\"true\" class=\"e-font-icon-svg e-fas-caret-right\" viewBox=\"0 0 192 512\" xmlns=\"http:\/\/www.w3.org\/2000\/svg\"><path d=\"M0 384.662V127.338c0-17.818 21.543-26.741 34.142-14.142l128.662 128.662c7.81 7.81 7.81 20.474 0 28.284L34.142 398.804C21.543 411.404 0 402.48 0 384.662z\"><\/path><\/svg>\t\t\t\t\t\t<\/span>\n\t\t\t\t\t\t\t\t\t\t<span class=\"elementor-icon-list-text\">Symptoms of paralysis<\/span>\n\t\t\t\t\t\t\t\t\t<\/li>\n\t\t\t\t\t\t\t\t<li class=\"elementor-icon-list-item\">\n\t\t\t\t\t\t\t\t\t\t\t<span class=\"elementor-icon-list-icon\">\n\t\t\t\t\t\t\t<svg aria-hidden=\"true\" class=\"e-font-icon-svg e-fas-caret-right\" viewBox=\"0 0 192 512\" xmlns=\"http:\/\/www.w3.org\/2000\/svg\"><path d=\"M0 384.662V127.338c0-17.818 21.543-26.741 34.142-14.142l128.662 128.662c7.81 7.81 7.81 20.474 0 28.284L34.142 398.804C21.543 411.404 0 402.48 0 384.662z\"><\/path><\/svg>\t\t\t\t\t\t<\/span>\n\t\t\t\t\t\t\t\t\t\t<span class=\"elementor-icon-list-text\">Visual field defects or visual disturbances<\/span>\n\t\t\t\t\t\t\t\t\t<\/li>\n\t\t\t\t\t\t\t\t<li class=\"elementor-icon-list-item\">\n\t\t\t\t\t\t\t\t\t\t\t<span class=\"elementor-icon-list-icon\">\n\t\t\t\t\t\t\t<svg aria-hidden=\"true\" class=\"e-font-icon-svg e-fas-caret-right\" viewBox=\"0 0 192 512\" xmlns=\"http:\/\/www.w3.org\/2000\/svg\"><path d=\"M0 384.662V127.338c0-17.818 21.543-26.741 34.142-14.142l128.662 128.662c7.81 7.81 7.81 20.474 0 28.284L34.142 398.804C21.543 411.404 0 402.48 0 384.662z\"><\/path><\/svg>\t\t\t\t\t\t<\/span>\n\t\t\t\t\t\t\t\t\t\t<span class=\"elementor-icon-list-text\">Speech disorders<\/span>\n\t\t\t\t\t\t\t\t\t<\/li>\n\t\t\t\t\t\t\t\t<li class=\"elementor-icon-list-item\">\n\t\t\t\t\t\t\t\t\t\t\t<span class=\"elementor-icon-list-icon\">\n\t\t\t\t\t\t\t<svg aria-hidden=\"true\" class=\"e-font-icon-svg e-fas-caret-right\" viewBox=\"0 0 192 512\" xmlns=\"http:\/\/www.w3.org\/2000\/svg\"><path d=\"M0 384.662V127.338c0-17.818 21.543-26.741 34.142-14.142l128.662 128.662c7.81 7.81 7.81 20.474 0 28.284L34.142 398.804C21.543 411.404 0 402.48 0 384.662z\"><\/path><\/svg>\t\t\t\t\t\t<\/span>\n\t\t\t\t\t\t\t\t\t\t<span class=\"elementor-icon-list-text\">Sudden feelings of weakness<\/span>\n\t\t\t\t\t\t\t\t\t<\/li>\n\t\t\t\t\t\t<\/ul>\n\t\t\t\t\t\t<\/div>\n\t\t\t\t<\/div>\n\t\t\t\t<div class=\"elementor-element elementor-element-8d527b6 elementor-widget elementor-widget-text-editor\" data-id=\"8d527b6\" data-element_type=\"widget\" data-widget_type=\"text-editor.default\">\n\t\t\t\t<div class=\"elementor-widget-container\">\n\t\t\t\t\t\t\t\t\t<p>Precise diagnostics are crucial in order to recognize the risk at an early stage. In my practice, we carry out detailed examinations of all arteries supplying the brain using the latest ultrasound technology. In addition to a precise medical history, the right medication is an essential pillar of treatment.    <\/p>\n\t\t\t\t\t\t\t\t<\/div>\n\t\t\t\t<\/div>\n\t\t\t\t<div class=\"elementor-element elementor-element-e18e7f9 elementor-widget elementor-widget-heading\" data-id=\"e18e7f9\" data-element_type=\"widget\" data-widget_type=\"heading.default\">\n\t\t\t\t<div class=\"elementor-widget-container\">\n\t\t\t\t\t<h2 class=\"elementor-heading-title elementor-size-default\">What you can expect in my practice<\/h2>\t\t\t\t<\/div>\n\t\t\t\t<\/div>\n\t\t\t\t<div class=\"elementor-element elementor-element-23605b5 elementor-widget elementor-widget-text-editor\" data-id=\"23605b5\" data-element_type=\"widget\" data-widget_type=\"text-editor.default\">\n\t\t\t\t<div class=\"elementor-widget-container\">\n\t\t\t\t\t\t\t\t\t<p>In a calm and stress-free atmosphere, we take time to listen to your symptoms and discuss the best treatment options for you. Whether through drug therapies, minimally invasive endovascular techniques or open surgical procedures &#8211; my aim is to offer you optimal and gentle treatment. <\/p>\n<p>I will accompany you personally from the first examination through to aftercare and explain every step clearly and comprehensibly. Together we will work to improve your quality of life and minimize the risk of serious secondary diseases.   <\/p>\n\t\t\t\t\t\t\t\t<\/div>\n\t\t\t\t<\/div>\n\t\t\t\t\t<\/div>\n\t\t\t\t<\/div>\n\t\t<div class=\"elementor-element elementor-element-21d9b2f e-flex e-con-boxed e-con e-parent\" data-id=\"21d9b2f\" data-element_type=\"container\" data-settings=\"{&quot;background_background&quot;:&quot;classic&quot;}\">\n\t\t\t\t\t<div class=\"e-con-inner\">\n\t\t<div class=\"elementor-element elementor-element-5b384c7 e-con-full e-flex e-con e-child\" data-id=\"5b384c7\" data-element_type=\"container\">\n\t\t\t\t<div class=\"elementor-element elementor-element-a6bb33b elementor-widget elementor-widget-heading\" data-id=\"a6bb33b\" data-element_type=\"widget\" data-widget_type=\"heading.default\">\n\t\t\t\t<div class=\"elementor-widget-container\">\n\t\t\t\t\t<h2 class=\"elementor-heading-title elementor-size-default\">Your advantages in my practice<\/h2>\t\t\t\t<\/div>\n\t\t\t\t<\/div>\n\t\t\t\t<\/div>\n\t\t<div class=\"elementor-element elementor-element-86b8d4b e-con-full e-flex elementor-invisible e-con e-child\" data-id=\"86b8d4b\" data-element_type=\"container\" data-settings=\"{&quot;background_background&quot;:&quot;classic&quot;,&quot;animation&quot;:&quot;fadeInUp&quot;}\">\n\t\t\t\t<div class=\"elementor-element elementor-element-cdcb626 elementor-widget elementor-widget-heading\" data-id=\"cdcb626\" data-element_type=\"widget\" data-widget_type=\"heading.default\">\n\t\t\t\t<div class=\"elementor-widget-container\">\n\t\t\t\t\t<h3 class=\"elementor-heading-title elementor-size-default\">Early detection of life-threatening vascular problems<\/h3>\t\t\t\t<\/div>\n\t\t\t\t<\/div>\n\t\t\t\t<\/div>\n\t\t<div class=\"elementor-element elementor-element-bb6a69e e-con-full e-flex elementor-invisible e-con e-child\" data-id=\"bb6a69e\" data-element_type=\"container\" data-settings=\"{&quot;background_background&quot;:&quot;classic&quot;,&quot;animation&quot;:&quot;fadeInUp&quot;}\">\n\t\t\t\t<div class=\"elementor-element elementor-element-8803bff elementor-widget elementor-widget-heading\" data-id=\"8803bff\" data-element_type=\"widget\" data-widget_type=\"heading.default\">\n\t\t\t\t<div class=\"elementor-widget-container\">\n\t\t\t\t\t<h3 class=\"elementor-heading-title elementor-size-default\">Precise diagnostics and individual treatment planning<\/h3>\t\t\t\t<\/div>\n\t\t\t\t<\/div>\n\t\t\t\t<\/div>\n\t\t<div class=\"elementor-element elementor-element-b22fe96 e-con-full e-flex elementor-invisible e-con e-child\" data-id=\"b22fe96\" data-element_type=\"container\" data-settings=\"{&quot;background_background&quot;:&quot;classic&quot;,&quot;animation&quot;:&quot;fadeInUp&quot;}\">\n\t\t\t\t<div class=\"elementor-element elementor-element-ab4560b elementor-widget elementor-widget-heading\" data-id=\"ab4560b\" data-element_type=\"widget\" data-widget_type=\"heading.default\">\n\t\t\t\t<div class=\"elementor-widget-container\">\n\t\t\t\t\t<h3 class=\"elementor-heading-title elementor-size-default\">Gentle, minimally invasive procedures with shorter recovery times<\/h3>\t\t\t\t<\/div>\n\t\t\t\t<\/div>\n\t\t\t\t<\/div>\n\t\t<div class=\"elementor-element elementor-element-ab2ddd9 e-con-full e-flex elementor-invisible e-con e-child\" data-id=\"ab2ddd9\" data-element_type=\"container\" data-settings=\"{&quot;background_background&quot;:&quot;classic&quot;,&quot;animation&quot;:&quot;fadeInUp&quot;}\">\n\t\t\t\t<div class=\"elementor-element elementor-element-b261613 elementor-widget elementor-widget-heading\" data-id=\"b261613\" data-element_type=\"widget\" data-widget_type=\"heading.default\">\n\t\t\t\t<div class=\"elementor-widget-container\">\n\t\t\t\t\t<h3 class=\"elementor-heading-title elementor-size-default\">Comprehensive aftercare and continuous support<\/h3>\t\t\t\t<\/div>\n\t\t\t\t<\/div>\n\t\t\t\t<\/div>\n\t\t\t\t\t<\/div>\n\t\t\t\t<\/div>\n\t\t<div class=\"elementor-element elementor-element-0a91997 e-flex e-con-boxed e-con e-parent\" data-id=\"0a91997\" data-element_type=\"container\">\n\t\t\t\t\t<div class=\"e-con-inner\">\n\t\t\t\t<div class=\"elementor-element elementor-element-80ce991 elementor-widget elementor-widget-heading\" data-id=\"80ce991\" data-element_type=\"widget\" data-widget_type=\"heading.default\">\n\t\t\t\t<div class=\"elementor-widget-container\">\n\t\t\t\t\t<h2 class=\"elementor-heading-title elementor-size-default\">Our goal<\/h2>\t\t\t\t<\/div>\n\t\t\t\t<\/div>\n\t\t<div class=\"elementor-element elementor-element-548f4a1 e-con-full e-flex e-con e-child\" data-id=\"548f4a1\" data-element_type=\"container\">\n\t\t<div class=\"elementor-element elementor-element-b1a8dc7 e-con-full e-flex elementor-invisible e-con e-child\" data-id=\"b1a8dc7\" data-element_type=\"container\" data-settings=\"{&quot;background_background&quot;:&quot;classic&quot;,&quot;animation&quot;:&quot;fadeInUp&quot;}\">\n\t\t\t\t<div class=\"elementor-element elementor-element-5315e76 elementor-widget elementor-widget-heading\" data-id=\"5315e76\" data-element_type=\"widget\" data-widget_type=\"heading.default\">\n\t\t\t\t<div class=\"elementor-widget-container\">\n\t\t\t\t\t<h3 class=\"elementor-heading-title elementor-size-default\">Fix your vascular problems<\/h3>\t\t\t\t<\/div>\n\t\t\t\t<\/div>\n\t\t\t\t<\/div>\n\t\t<div class=\"elementor-element elementor-element-a1d31a8 e-con-full e-flex elementor-invisible e-con e-child\" data-id=\"a1d31a8\" data-element_type=\"container\" data-settings=\"{&quot;background_background&quot;:&quot;classic&quot;,&quot;animation&quot;:&quot;fadeInUp&quot;}\">\n\t\t\t\t<div class=\"elementor-element elementor-element-8cfbdcf elementor-widget elementor-widget-heading\" data-id=\"8cfbdcf\" data-element_type=\"widget\" data-widget_type=\"heading.default\">\n\t\t\t\t<div class=\"elementor-widget-container\">\n\t\t\t\t\t<h3 class=\"elementor-heading-title elementor-size-default\">Improve your quality of life<\/h3>\t\t\t\t<\/div>\n\t\t\t\t<\/div>\n\t\t\t\t<\/div>\n\t\t<div class=\"elementor-element elementor-element-7b34d0a e-con-full e-flex elementor-invisible e-con e-child\" data-id=\"7b34d0a\" data-element_type=\"container\" data-settings=\"{&quot;background_background&quot;:&quot;classic&quot;,&quot;animation&quot;:&quot;fadeInUp&quot;}\">\n\t\t\t\t<div class=\"elementor-element elementor-element-1102dfc elementor-widget elementor-widget-heading\" data-id=\"1102dfc\" data-element_type=\"widget\" data-widget_type=\"heading.default\">\n\t\t\t\t<div class=\"elementor-widget-container\">\n\t\t\t\t\t<h3 class=\"elementor-heading-title elementor-size-default\">Give you back security and well-being<\/h3>\t\t\t\t<\/div>\n\t\t\t\t<\/div>\n\t\t\t\t<\/div>\n\t\t\t\t<\/div>\n\t\t\t\t\t<\/div>\n\t\t\t\t<\/div>\n\t\t<div class=\"elementor-element elementor-element-8995af6 e-flex e-con-boxed e-con e-parent\" data-id=\"8995af6\" data-element_type=\"container\">\n\t\t\t\t\t<div class=\"e-con-inner\">\n\t\t\t\t<div class=\"elementor-element elementor-element-f396df2 elementor-widget elementor-widget-text-editor\" data-id=\"f396df2\" data-element_type=\"widget\" data-widget_type=\"text-editor.default\">\n\t\t\t\t<div class=\"elementor-widget-container\">\n\t\t\t\t\t\t\t\t\t<p>I look forward to welcoming you to my practice and working with you on the path to better health.<\/p>\n\t\t\t\t\t\t\t\t<\/div>\n\t\t\t\t<\/div>\n\t\t\t\t\t<\/div>\n\t\t\t\t<\/div>\n\t\t\t\t<\/div>\n\t\t","protected":false},"excerpt":{"rendered":"<p>Carotid stenosis &#8211; narrowing of the carotid artery Treatment by a specialist Carotid stenosis, a narrowing or calcification of the carotid artery, is caused by deposits on the vessel wall. Common causes are high blood pressure, elevated cholesterol and blood lipid levels, diabetes, smoking and genetic predisposition. This disease should be taken seriously as it&hellip;&nbsp;<a href=\"https:\/\/www.krampfadern-spezialist.at\/en\/carotid-stenosis-narrowing-of-the-carotid-artery\/\" rel=\"bookmark\"><span class=\"screen-reader-text\">Carotid stenosis &#8211; narrowing of the carotid artery<\/span><\/a><\/p>\n","protected":false},"author":2,"featured_media":0,"parent":0,"menu_order":0,"comment_status":"closed","ping_status":"closed","template":"","meta":{"neve_meta_sidebar":"","neve_meta_container":"","neve_meta_enable_content_width":"","neve_meta_content_width":0,"neve_meta_title_alignment":"","neve_meta_author_avatar":"","neve_post_elements_order":"","neve_meta_disable_header":"","neve_meta_disable_footer":"","neve_meta_disable_title":"","neve_meta_reading_time":"","footnotes":""},"class_list":["post-839","page","type-page","status-publish","hentry"],"yoast_head":"<!-- This site is optimized with the Yoast SEO plugin v26.6 - https:\/\/yoast.com\/wordpress\/plugins\/seo\/ -->\n<title>Carotid stenosis - narrowing of the carotid artery | Ihr Gef\u00e4\u00dfspezialist in Wien | Dr. Kasiri<\/title>\n<meta name=\"robots\" content=\"index, follow, max-snippet:-1, max-image-preview:large, max-video-preview:-1\" \/>\n<link rel=\"canonical\" href=\"https:\/\/www.krampfadern-spezialist.at\/en\/carotid-stenosis-narrowing-of-the-carotid-artery\/\" \/>\n<meta property=\"og:locale\" content=\"en_US\" \/>\n<meta property=\"og:type\" content=\"article\" \/>\n<meta property=\"og:title\" content=\"Carotid stenosis - narrowing of the carotid artery | Ihr Gef\u00e4\u00dfspezialist in Wien | Dr. Kasiri\" \/>\n<meta property=\"og:description\" content=\"Carotid stenosis &#8211; narrowing of the carotid artery Treatment by a specialist Carotid stenosis, a narrowing or calcification of the carotid artery, is caused by deposits on the vessel wall. Common causes are high blood pressure, elevated cholesterol and blood lipid levels, diabetes, smoking and genetic predisposition. This disease should be taken seriously as it&hellip;&nbsp;Carotid stenosis &#8211; narrowing of the carotid artery\" \/>\n<meta property=\"og:url\" content=\"https:\/\/www.krampfadern-spezialist.at\/en\/carotid-stenosis-narrowing-of-the-carotid-artery\/\" \/>\n<meta property=\"og:site_name\" content=\"Ihr Gef\u00e4\u00dfspezialist in Wien | Dr. Kasiri\" \/>\n<meta property=\"article:modified_time\" content=\"2025-02-07T10:02:12+00:00\" \/>\n<meta property=\"og:image\" content=\"https:\/\/www.krampfadern-spezialist.at\/wp-content\/uploads\/2024\/12\/Dr-Kasiri-Gold.png\" \/>\n\t<meta property=\"og:image:width\" content=\"2803\" \/>\n\t<meta property=\"og:image:height\" content=\"2038\" \/>\n\t<meta property=\"og:image:type\" content=\"image\/png\" \/>\n<meta name=\"twitter:card\" content=\"summary_large_image\" \/>\n<meta name=\"twitter:label1\" content=\"Est. reading time\" \/>\n\t<meta name=\"twitter:data1\" content=\"2 minutes\" \/>\n<script type=\"application\/ld+json\" class=\"yoast-schema-graph\">{\"@context\":\"https:\/\/schema.org\",\"@graph\":[{\"@type\":\"WebPage\",\"@id\":\"https:\/\/www.krampfadern-spezialist.at\/en\/carotid-stenosis-narrowing-of-the-carotid-artery\/\",\"url\":\"https:\/\/www.krampfadern-spezialist.at\/en\/carotid-stenosis-narrowing-of-the-carotid-artery\/\",\"name\":\"Carotid stenosis - narrowing of the carotid artery | Ihr Gef\u00e4\u00dfspezialist in Wien | Dr. Kasiri\",\"isPartOf\":{\"@id\":\"https:\/\/www.krampfadern-spezialist.at\/en\/#website\"},\"datePublished\":\"2025-01-02T13:38:52+00:00\",\"dateModified\":\"2025-02-07T10:02:12+00:00\",\"breadcrumb\":{\"@id\":\"https:\/\/www.krampfadern-spezialist.at\/en\/carotid-stenosis-narrowing-of-the-carotid-artery\/#breadcrumb\"},\"inLanguage\":\"en-US\",\"potentialAction\":[{\"@type\":\"ReadAction\",\"target\":[\"https:\/\/www.krampfadern-spezialist.at\/en\/carotid-stenosis-narrowing-of-the-carotid-artery\/\"]}]},{\"@type\":\"BreadcrumbList\",\"@id\":\"https:\/\/www.krampfadern-spezialist.at\/en\/carotid-stenosis-narrowing-of-the-carotid-artery\/#breadcrumb\",\"itemListElement\":[{\"@type\":\"ListItem\",\"position\":1,\"name\":\"Startseite\",\"item\":\"https:\/\/www.krampfadern-spezialist.at\/en\/\"},{\"@type\":\"ListItem\",\"position\":2,\"name\":\"Carotid stenosis &#8211; narrowing of the carotid artery\"}]},{\"@type\":\"WebSite\",\"@id\":\"https:\/\/www.krampfadern-spezialist.at\/en\/#website\",\"url\":\"https:\/\/www.krampfadern-spezialist.at\/en\/\",\"name\":\"Ihr Gef\u00e4\u00dfspezialist in Wien | Dr. Kasiri\",\"description\":\"Krampfadern - Arterienbehandlung - Lip\u00f6dem\",\"publisher\":{\"@id\":\"https:\/\/www.krampfadern-spezialist.at\/en\/#organization\"},\"potentialAction\":[{\"@type\":\"SearchAction\",\"target\":{\"@type\":\"EntryPoint\",\"urlTemplate\":\"https:\/\/www.krampfadern-spezialist.at\/en\/?s={search_term_string}\"},\"query-input\":{\"@type\":\"PropertyValueSpecification\",\"valueRequired\":true,\"valueName\":\"search_term_string\"}}],\"inLanguage\":\"en-US\"},{\"@type\":\"Organization\",\"@id\":\"https:\/\/www.krampfadern-spezialist.at\/en\/#organization\",\"name\":\"Ihr Gef\u00e4\u00dfspezialist in Wien | Dr. Kasiri\",\"url\":\"https:\/\/www.krampfadern-spezialist.at\/en\/\",\"logo\":{\"@type\":\"ImageObject\",\"inLanguage\":\"en-US\",\"@id\":\"https:\/\/www.krampfadern-spezialist.at\/en\/#\/schema\/logo\/image\/\",\"url\":\"https:\/\/www.krampfadern-spezialist.at\/wp-content\/uploads\/2024\/12\/Dr-Kasiri-Gold.png\",\"contentUrl\":\"https:\/\/www.krampfadern-spezialist.at\/wp-content\/uploads\/2024\/12\/Dr-Kasiri-Gold.png\",\"width\":2803,\"height\":2038,\"caption\":\"Ihr Gef\u00e4\u00dfspezialist in Wien | Dr. Kasiri\"},\"image\":{\"@id\":\"https:\/\/www.krampfadern-spezialist.at\/en\/#\/schema\/logo\/image\/\"}}]}<\/script>\n<!-- \/ Yoast SEO plugin. -->","yoast_head_json":{"title":"Carotid stenosis - narrowing of the carotid artery | Ihr Gef\u00e4\u00dfspezialist in Wien | Dr. Kasiri","robots":{"index":"index","follow":"follow","max-snippet":"max-snippet:-1","max-image-preview":"max-image-preview:large","max-video-preview":"max-video-preview:-1"},"canonical":"https:\/\/www.krampfadern-spezialist.at\/en\/carotid-stenosis-narrowing-of-the-carotid-artery\/","og_locale":"en_US","og_type":"article","og_title":"Carotid stenosis - narrowing of the carotid artery | Ihr Gef\u00e4\u00dfspezialist in Wien | Dr. Kasiri","og_description":"Carotid stenosis &#8211; narrowing of the carotid artery Treatment by a specialist Carotid stenosis, a narrowing or calcification of the carotid artery, is caused by deposits on the vessel wall. Common causes are high blood pressure, elevated cholesterol and blood lipid levels, diabetes, smoking and genetic predisposition. This disease should be taken seriously as it&hellip;&nbsp;Carotid stenosis &#8211; narrowing of the carotid artery","og_url":"https:\/\/www.krampfadern-spezialist.at\/en\/carotid-stenosis-narrowing-of-the-carotid-artery\/","og_site_name":"Ihr Gef\u00e4\u00dfspezialist in Wien | Dr. Kasiri","article_modified_time":"2025-02-07T10:02:12+00:00","og_image":[{"width":2803,"height":2038,"url":"https:\/\/www.krampfadern-spezialist.at\/wp-content\/uploads\/2024\/12\/Dr-Kasiri-Gold.png","type":"image\/png"}],"twitter_card":"summary_large_image","twitter_misc":{"Est. reading time":"2 minutes"},"schema":{"@context":"https:\/\/schema.org","@graph":[{"@type":"WebPage","@id":"https:\/\/www.krampfadern-spezialist.at\/en\/carotid-stenosis-narrowing-of-the-carotid-artery\/","url":"https:\/\/www.krampfadern-spezialist.at\/en\/carotid-stenosis-narrowing-of-the-carotid-artery\/","name":"Carotid stenosis - narrowing of the carotid artery | Ihr Gef\u00e4\u00dfspezialist in Wien | Dr. Kasiri","isPartOf":{"@id":"https:\/\/www.krampfadern-spezialist.at\/en\/#website"},"datePublished":"2025-01-02T13:38:52+00:00","dateModified":"2025-02-07T10:02:12+00:00","breadcrumb":{"@id":"https:\/\/www.krampfadern-spezialist.at\/en\/carotid-stenosis-narrowing-of-the-carotid-artery\/#breadcrumb"},"inLanguage":"en-US","potentialAction":[{"@type":"ReadAction","target":["https:\/\/www.krampfadern-spezialist.at\/en\/carotid-stenosis-narrowing-of-the-carotid-artery\/"]}]},{"@type":"BreadcrumbList","@id":"https:\/\/www.krampfadern-spezialist.at\/en\/carotid-stenosis-narrowing-of-the-carotid-artery\/#breadcrumb","itemListElement":[{"@type":"ListItem","position":1,"name":"Startseite","item":"https:\/\/www.krampfadern-spezialist.at\/en\/"},{"@type":"ListItem","position":2,"name":"Carotid stenosis &#8211; narrowing of the carotid artery"}]},{"@type":"WebSite","@id":"https:\/\/www.krampfadern-spezialist.at\/en\/#website","url":"https:\/\/www.krampfadern-spezialist.at\/en\/","name":"Ihr Gef\u00e4\u00dfspezialist in Wien | Dr. Kasiri","description":"Krampfadern - Arterienbehandlung - Lip\u00f6dem","publisher":{"@id":"https:\/\/www.krampfadern-spezialist.at\/en\/#organization"},"potentialAction":[{"@type":"SearchAction","target":{"@type":"EntryPoint","urlTemplate":"https:\/\/www.krampfadern-spezialist.at\/en\/?s={search_term_string}"},"query-input":{"@type":"PropertyValueSpecification","valueRequired":true,"valueName":"search_term_string"}}],"inLanguage":"en-US"},{"@type":"Organization","@id":"https:\/\/www.krampfadern-spezialist.at\/en\/#organization","name":"Ihr Gef\u00e4\u00dfspezialist in Wien | Dr. Kasiri","url":"https:\/\/www.krampfadern-spezialist.at\/en\/","logo":{"@type":"ImageObject","inLanguage":"en-US","@id":"https:\/\/www.krampfadern-spezialist.at\/en\/#\/schema\/logo\/image\/","url":"https:\/\/www.krampfadern-spezialist.at\/wp-content\/uploads\/2024\/12\/Dr-Kasiri-Gold.png","contentUrl":"https:\/\/www.krampfadern-spezialist.at\/wp-content\/uploads\/2024\/12\/Dr-Kasiri-Gold.png","width":2803,"height":2038,"caption":"Ihr Gef\u00e4\u00dfspezialist in Wien | Dr. Kasiri"},"image":{"@id":"https:\/\/www.krampfadern-spezialist.at\/en\/#\/schema\/logo\/image\/"}}]}},"_links":{"self":[{"href":"https:\/\/www.krampfadern-spezialist.at\/en\/wp-json\/wp\/v2\/pages\/839","targetHints":{"allow":["GET"]}}],"collection":[{"href":"https:\/\/www.krampfadern-spezialist.at\/en\/wp-json\/wp\/v2\/pages"}],"about":[{"href":"https:\/\/www.krampfadern-spezialist.at\/en\/wp-json\/wp\/v2\/types\/page"}],"author":[{"embeddable":true,"href":"https:\/\/www.krampfadern-spezialist.at\/en\/wp-json\/wp\/v2\/users\/2"}],"replies":[{"embeddable":true,"href":"https:\/\/www.krampfadern-spezialist.at\/en\/wp-json\/wp\/v2\/comments?post=839"}],"version-history":[{"count":1,"href":"https:\/\/www.krampfadern-spezialist.at\/en\/wp-json\/wp\/v2\/pages\/839\/revisions"}],"predecessor-version":[{"id":841,"href":"https:\/\/www.krampfadern-spezialist.at\/en\/wp-json\/wp\/v2\/pages\/839\/revisions\/841"}],"wp:attachment":[{"href":"https:\/\/www.krampfadern-spezialist.at\/en\/wp-json\/wp\/v2\/media?parent=839"}],"curies":[{"name":"wp","href":"https:\/\/api.w.org\/{rel}","templated":true}]}}