{"id":859,"date":"2024-12-11T08:06:41","date_gmt":"2024-12-11T07:06:41","guid":{"rendered":"https:\/\/www.krampfadern-spezialist.at\/my-surgery\/"},"modified":"2025-06-30T13:18:20","modified_gmt":"2025-06-30T12:18:20","slug":"my-surgery","status":"publish","type":"page","link":"https:\/\/www.krampfadern-spezialist.at\/en\/my-surgery\/","title":{"rendered":"My surgery"},"content":{"rendered":"\t\t<div data-elementor-type=\"wp-page\" data-elementor-id=\"859\" class=\"elementor elementor-859 elementor-52\" data-elementor-post-type=\"page\">\n\t\t\t\t<div class=\"elementor-element elementor-element-12bab00 e-con-full e-flex e-con e-parent\" data-id=\"12bab00\" data-element_type=\"container\" data-settings=\"{&quot;background_background&quot;:&quot;classic&quot;}\">\n\t\t\t\t<div class=\"elementor-element elementor-element-2ef8e16 elementor-widget elementor-widget-spacer\" data-id=\"2ef8e16\" data-element_type=\"widget\" data-widget_type=\"spacer.default\">\n\t\t\t\t<div class=\"elementor-widget-container\">\n\t\t\t\t\t\t\t<div class=\"elementor-spacer\">\n\t\t\t<div class=\"elementor-spacer-inner\"><\/div>\n\t\t<\/div>\n\t\t\t\t\t\t<\/div>\n\t\t\t\t<\/div>\n\t\t<div class=\"elementor-element elementor-element-adc1452 e-con-full e-flex elementor-invisible e-con e-child\" data-id=\"adc1452\" data-element_type=\"container\" data-settings=\"{&quot;background_background&quot;:&quot;classic&quot;,&quot;animation&quot;:&quot;fadeInDown&quot;}\">\n\t\t\t\t<div class=\"elementor-element elementor-element-c12ed48 elementor-widget elementor-widget-heading\" data-id=\"c12ed48\" data-element_type=\"widget\" data-widget_type=\"heading.default\">\n\t\t\t\t<div class=\"elementor-widget-container\">\n\t\t\t\t\t<h1 class=\"elementor-heading-title elementor-size-default\">My surgery<\/h1>\t\t\t\t<\/div>\n\t\t\t\t<\/div>\n\t\t\t\t<div class=\"elementor-element elementor-element-49007e4 elementor-widget elementor-widget-heading\" data-id=\"49007e4\" data-element_type=\"widget\" data-widget_type=\"heading.default\">\n\t\t\t\t<div class=\"elementor-widget-container\">\n\t\t\t\t\t<h4 class=\"elementor-heading-title elementor-size-default\">Get a first insight into my surgery here<\/h4>\t\t\t\t<\/div>\n\t\t\t\t<\/div>\n\t\t\t\t<\/div>\n\t\t\t\t<\/div>\n\t\t<div class=\"elementor-element elementor-element-fcff501 e-flex e-con-boxed e-con e-parent\" data-id=\"fcff501\" data-element_type=\"container\">\n\t\t\t\t\t<div class=\"e-con-inner\">\n\t\t\t\t<div class=\"elementor-element elementor-element-8e86875 elementor-widget elementor-widget-gallery\" data-id=\"8e86875\" data-element_type=\"widget\" data-settings=\"{&quot;columns_mobile&quot;:2,&quot;gap_mobile&quot;:{&quot;unit&quot;:&quot;px&quot;,&quot;size&quot;:3,&quot;sizes&quot;:[]},&quot;gallery_layout&quot;:&quot;masonry&quot;,&quot;columns&quot;:4,&quot;columns_tablet&quot;:2,&quot;gap&quot;:{&quot;unit&quot;:&quot;px&quot;,&quot;size&quot;:10,&quot;sizes&quot;:[]},&quot;gap_tablet&quot;:{&quot;unit&quot;:&quot;px&quot;,&quot;size&quot;:10,&quot;sizes&quot;:[]},&quot;link_to&quot;:&quot;file&quot;,&quot;overlay_background&quot;:&quot;yes&quot;,&quot;content_hover_animation&quot;:&quot;fade-in&quot;}\" data-widget_type=\"gallery.default\">\n\t\t\t\t<div class=\"elementor-widget-container\">\n\t\t\t\t\t\t\t<div class=\"elementor-gallery__container\">\n\t\t\t\t\t\t\t<a class=\"e-gallery-item elementor-gallery-item elementor-animated-content\" href=\"https:\/\/www.krampfadern-spezialist.at\/wp-content\/uploads\/2025\/06\/Dok_waehrend_OP.jpg\" data-elementor-open-lightbox=\"yes\" data-elementor-lightbox-slideshow=\"8e86875\" data-e-action-hash=\"#elementor-action%3Aaction%3Dlightbox%26settings%3DeyJpZCI6MjQ0MCwidXJsIjoiaHR0cHM6XC9cL3d3dy5rcmFtcGZhZGVybi1zcGV6aWFsaXN0LmF0XC93cC1jb250ZW50XC91cGxvYWRzXC8yMDI1XC8wNlwvRG9rX3dhZWhyZW5kX09QLmpwZyIsInNsaWRlc2hvdyI6IjhlODY4NzUifQ%3D%3D\">\n\t\t\t\t\t<div class=\"e-gallery-image elementor-gallery-item__image\" data-thumbnail=\"https:\/\/www.krampfadern-spezialist.at\/wp-content\/uploads\/2025\/06\/Dok_waehrend_OP.jpg\" data-width=\"960\" data-height=\"1280\" aria-label=\"\" role=\"img\" ><\/div>\n\t\t\t\t\t\t\t\t\t\t\t<div class=\"elementor-gallery-item__overlay\"><\/div>\n\t\t\t\t\t\t\t\t\t\t\t\t\t\t<\/a>\n\t\t\t\t\t\t\t<a class=\"e-gallery-item elementor-gallery-item elementor-animated-content\" href=\"https:\/\/www.krampfadern-spezialist.at\/wp-content\/uploads\/2025\/06\/Arzt-Patient-2-Kopie-1-scaled.jpg\" data-elementor-open-lightbox=\"yes\" data-elementor-lightbox-slideshow=\"8e86875\" data-e-action-hash=\"#elementor-action%3Aaction%3Dlightbox%26settings%3DeyJpZCI6MjUxMywidXJsIjoiaHR0cHM6XC9cL3d3dy5rcmFtcGZhZGVybi1zcGV6aWFsaXN0LmF0XC93cC1jb250ZW50XC91cGxvYWRzXC8yMDI1XC8wNlwvQXJ6dC1QYXRpZW50LTItS29waWUtMS1zY2FsZWQuanBnIiwic2xpZGVzaG93IjoiOGU4Njg3NSJ9\">\n\t\t\t\t\t<div class=\"e-gallery-image elementor-gallery-item__image\" data-thumbnail=\"https:\/\/www.krampfadern-spezialist.at\/wp-content\/uploads\/2025\/06\/Arzt-Patient-2-Kopie-1-scaled.jpg\" data-width=\"2560\" data-height=\"1920\" aria-label=\"\" role=\"img\" ><\/div>\n\t\t\t\t\t\t\t\t\t\t\t<div class=\"elementor-gallery-item__overlay\"><\/div>\n\t\t\t\t\t\t\t\t\t\t\t\t\t\t<\/a>\n\t\t\t\t\t\t\t<a class=\"e-gallery-item elementor-gallery-item elementor-animated-content\" href=\"https:\/\/www.krampfadern-spezialist.at\/wp-content\/uploads\/2025\/06\/teamteam.jpg\" data-elementor-open-lightbox=\"yes\" data-elementor-lightbox-slideshow=\"8e86875\" data-e-action-hash=\"#elementor-action%3Aaction%3Dlightbox%26settings%3DeyJpZCI6MjQzNCwidXJsIjoiaHR0cHM6XC9cL3d3dy5rcmFtcGZhZGVybi1zcGV6aWFsaXN0LmF0XC93cC1jb250ZW50XC91cGxvYWRzXC8yMDI1XC8wNlwvdGVhbXRlYW0uanBnIiwic2xpZGVzaG93IjoiOGU4Njg3NSJ9\">\n\t\t\t\t\t<div class=\"e-gallery-image elementor-gallery-item__image\" data-thumbnail=\"https:\/\/www.krampfadern-spezialist.at\/wp-content\/uploads\/2025\/06\/teamteam.jpg\" data-width=\"1280\" data-height=\"960\" aria-label=\"\" role=\"img\" ><\/div>\n\t\t\t\t\t\t\t\t\t\t\t<div class=\"elementor-gallery-item__overlay\"><\/div>\n\t\t\t\t\t\t\t\t\t\t\t\t\t\t<\/a>\n\t\t\t\t\t\t\t<a class=\"e-gallery-item elementor-gallery-item elementor-animated-content\" href=\"https:\/\/www.krampfadern-spezialist.at\/wp-content\/uploads\/2025\/06\/Vibe1-Kopie-scaled.jpg\" data-elementor-open-lightbox=\"yes\" data-elementor-lightbox-slideshow=\"8e86875\" data-e-action-hash=\"#elementor-action%3Aaction%3Dlightbox%26settings%3DeyJpZCI6MjQ2MiwidXJsIjoiaHR0cHM6XC9cL3d3dy5rcmFtcGZhZGVybi1zcGV6aWFsaXN0LmF0XC93cC1jb250ZW50XC91cGxvYWRzXC8yMDI1XC8wNlwvVmliZTEtS29waWUtc2NhbGVkLmpwZyIsInNsaWRlc2hvdyI6IjhlODY4NzUifQ%3D%3D\">\n\t\t\t\t\t<div class=\"e-gallery-image elementor-gallery-item__image\" data-thumbnail=\"https:\/\/www.krampfadern-spezialist.at\/wp-content\/uploads\/2025\/06\/Vibe1-Kopie-scaled.jpg\" data-width=\"2560\" data-height=\"1920\" aria-label=\"\" role=\"img\" ><\/div>\n\t\t\t\t\t\t\t\t\t\t\t<div class=\"elementor-gallery-item__overlay\"><\/div>\n\t\t\t\t\t\t\t\t\t\t\t\t\t\t<\/a>\n\t\t\t\t\t\t\t<a class=\"e-gallery-item elementor-gallery-item elementor-animated-content\" href=\"https:\/\/www.krampfadern-spezialist.at\/wp-content\/uploads\/2025\/06\/Screenshot-2025-05-20-152921.png\" data-elementor-open-lightbox=\"yes\" data-elementor-lightbox-slideshow=\"8e86875\" data-e-action-hash=\"#elementor-action%3Aaction%3Dlightbox%26settings%3DeyJpZCI6MjQ3MiwidXJsIjoiaHR0cHM6XC9cL3d3dy5rcmFtcGZhZGVybi1zcGV6aWFsaXN0LmF0XC93cC1jb250ZW50XC91cGxvYWRzXC8yMDI1XC8wNlwvU2NyZWVuc2hvdC0yMDI1LTA1LTIwLTE1MjkyMS5wbmciLCJzbGlkZXNob3ciOiI4ZTg2ODc1In0%3D\">\n\t\t\t\t\t<div class=\"e-gallery-image elementor-gallery-item__image\" data-thumbnail=\"https:\/\/www.krampfadern-spezialist.at\/wp-content\/uploads\/2025\/06\/Screenshot-2025-05-20-152921.png\" data-width=\"1407\" data-height=\"1042\" aria-label=\"\" role=\"img\" ><\/div>\n\t\t\t\t\t\t\t\t\t\t\t<div class=\"elementor-gallery-item__overlay\"><\/div>\n\t\t\t\t\t\t\t\t\t\t\t\t\t\t<\/a>\n\t\t\t\t\t\t\t<a class=\"e-gallery-item elementor-gallery-item elementor-animated-content\" href=\"https:\/\/www.krampfadern-spezialist.at\/wp-content\/uploads\/2025\/01\/Vorsorge-Untersuchung-1-scaled-e1747662606457.jpg\" data-elementor-open-lightbox=\"yes\" data-elementor-lightbox-slideshow=\"8e86875\" data-e-action-hash=\"#elementor-action%3Aaction%3Dlightbox%26settings%3DeyJpZCI6NTU4LCJ1cmwiOiJodHRwczpcL1wvd3d3LmtyYW1wZmFkZXJuLXNwZXppYWxpc3QuYXRcL3dwLWNvbnRlbnRcL3VwbG9hZHNcLzIwMjVcLzAxXC9Wb3Jzb3JnZS1VbnRlcnN1Y2h1bmctMS1zY2FsZWQtZTE3NDc2NjI2MDY0NTcuanBnIiwic2xpZGVzaG93IjoiOGU4Njg3NSJ9\">\n\t\t\t\t\t<div class=\"e-gallery-image elementor-gallery-item__image\" data-thumbnail=\"https:\/\/www.krampfadern-spezialist.at\/wp-content\/uploads\/2025\/01\/Vorsorge-Untersuchung-1-scaled-e1747662606457.jpg\" data-width=\"1690\" data-height=\"1958\" aria-label=\"\" role=\"img\" ><\/div>\n\t\t\t\t\t\t\t\t\t\t\t<div class=\"elementor-gallery-item__overlay\"><\/div>\n\t\t\t\t\t\t\t\t\t\t\t\t\t\t<\/a>\n\t\t\t\t\t\t\t<a class=\"e-gallery-item elementor-gallery-item elementor-animated-content\" href=\"https:\/\/www.krampfadern-spezialist.at\/wp-content\/uploads\/2025\/06\/Team_waehrend_OP.jpg\" data-elementor-open-lightbox=\"yes\" data-elementor-lightbox-slideshow=\"8e86875\" data-e-action-hash=\"#elementor-action%3Aaction%3Dlightbox%26settings%3DeyJpZCI6MjQzNiwidXJsIjoiaHR0cHM6XC9cL3d3dy5rcmFtcGZhZGVybi1zcGV6aWFsaXN0LmF0XC93cC1jb250ZW50XC91cGxvYWRzXC8yMDI1XC8wNlwvVGVhbV93YWVocmVuZF9PUC5qcGciLCJzbGlkZXNob3ciOiI4ZTg2ODc1In0%3D\">\n\t\t\t\t\t<div class=\"e-gallery-image elementor-gallery-item__image\" data-thumbnail=\"https:\/\/www.krampfadern-spezialist.at\/wp-content\/uploads\/2025\/06\/Team_waehrend_OP.jpg\" data-width=\"1104\" data-height=\"1280\" aria-label=\"\" role=\"img\" ><\/div>\n\t\t\t\t\t\t\t\t\t\t\t<div class=\"elementor-gallery-item__overlay\"><\/div>\n\t\t\t\t\t\t\t\t\t\t\t\t\t\t<\/a>\n\t\t\t\t\t\t\t<a class=\"e-gallery-item elementor-gallery-item elementor-animated-content\" href=\"https:\/\/www.krampfadern-spezialist.at\/wp-content\/uploads\/2025\/06\/Dr.-KAsiri-und-Pat-Kopie.jpg\" data-elementor-open-lightbox=\"yes\" data-elementor-lightbox-slideshow=\"8e86875\" data-e-action-hash=\"#elementor-action%3Aaction%3Dlightbox%26settings%3DeyJpZCI6MjUxNywidXJsIjoiaHR0cHM6XC9cL3d3dy5rcmFtcGZhZGVybi1zcGV6aWFsaXN0LmF0XC93cC1jb250ZW50XC91cGxvYWRzXC8yMDI1XC8wNlwvRHIuLUtBc2lyaS11bmQtUGF0LUtvcGllLmpwZyIsInNsaWRlc2hvdyI6IjhlODY4NzUifQ%3D%3D\">\n\t\t\t\t\t<div class=\"e-gallery-image elementor-gallery-item__image\" data-thumbnail=\"https:\/\/www.krampfadern-spezialist.at\/wp-content\/uploads\/2025\/06\/Dr.-KAsiri-und-Pat-Kopie.jpg\" data-width=\"1181\" data-height=\"1354\" aria-label=\"\" role=\"img\" ><\/div>\n\t\t\t\t\t\t\t\t\t\t\t<div class=\"elementor-gallery-item__overlay\"><\/div>\n\t\t\t\t\t\t\t\t\t\t\t\t\t\t<\/a>\n\t\t\t\t\t\t\t<a class=\"e-gallery-item elementor-gallery-item elementor-animated-content\" href=\"https:\/\/www.krampfadern-spezialist.at\/wp-content\/uploads\/2025\/06\/Bersprechung-scaled.jpg\" data-elementor-open-lightbox=\"yes\" data-elementor-lightbox-slideshow=\"8e86875\" data-e-action-hash=\"#elementor-action%3Aaction%3Dlightbox%26settings%3DeyJpZCI6MjQ2NiwidXJsIjoiaHR0cHM6XC9cL3d3dy5rcmFtcGZhZGVybi1zcGV6aWFsaXN0LmF0XC93cC1jb250ZW50XC91cGxvYWRzXC8yMDI1XC8wNlwvQmVyc3ByZWNodW5nLXNjYWxlZC5qcGciLCJzbGlkZXNob3ciOiI4ZTg2ODc1In0%3D\">\n\t\t\t\t\t<div class=\"e-gallery-image elementor-gallery-item__image\" data-thumbnail=\"https:\/\/www.krampfadern-spezialist.at\/wp-content\/uploads\/2025\/06\/Bersprechung-scaled.jpg\" data-width=\"2415\" data-height=\"2560\" aria-label=\"\" role=\"img\" ><\/div>\n\t\t\t\t\t\t\t\t\t\t\t<div class=\"elementor-gallery-item__overlay\"><\/div>\n\t\t\t\t\t\t\t\t\t\t\t\t\t\t<\/a>\n\t\t\t\t\t\t\t<a class=\"e-gallery-item elementor-gallery-item elementor-animated-content\" href=\"https:\/\/www.krampfadern-spezialist.at\/wp-content\/uploads\/2025\/06\/Screenshot-2025-05-20-153013.png\" data-elementor-open-lightbox=\"yes\" data-elementor-lightbox-slideshow=\"8e86875\" data-e-action-hash=\"#elementor-action%3Aaction%3Dlightbox%26settings%3DeyJpZCI6MjQ3NCwidXJsIjoiaHR0cHM6XC9cL3d3dy5rcmFtcGZhZGVybi1zcGV6aWFsaXN0LmF0XC93cC1jb250ZW50XC91cGxvYWRzXC8yMDI1XC8wNlwvU2NyZWVuc2hvdC0yMDI1LTA1LTIwLTE1MzAxMy5wbmciLCJzbGlkZXNob3ciOiI4ZTg2ODc1In0%3D\">\n\t\t\t\t\t<div class=\"e-gallery-image elementor-gallery-item__image\" data-thumbnail=\"https:\/\/www.krampfadern-spezialist.at\/wp-content\/uploads\/2025\/06\/Screenshot-2025-05-20-153013.png\" data-width=\"1399\" data-height=\"1040\" aria-label=\"\" role=\"img\" ><\/div>\n\t\t\t\t\t\t\t\t\t\t\t<div class=\"elementor-gallery-item__overlay\"><\/div>\n\t\t\t\t\t\t\t\t\t\t\t\t\t\t<\/a>\n\t\t\t\t\t\t\t<a class=\"e-gallery-item elementor-gallery-item elementor-animated-content\" href=\"https:\/\/www.krampfadern-spezialist.at\/wp-content\/uploads\/2025\/06\/DokPat_ms.jpg\" data-elementor-open-lightbox=\"yes\" data-elementor-lightbox-slideshow=\"8e86875\" data-e-action-hash=\"#elementor-action%3Aaction%3Dlightbox%26settings%3DeyJpZCI6MjQ0NiwidXJsIjoiaHR0cHM6XC9cL3d3dy5rcmFtcGZhZGVybi1zcGV6aWFsaXN0LmF0XC93cC1jb250ZW50XC91cGxvYWRzXC8yMDI1XC8wNlwvRG9rUGF0X21zLmpwZyIsInNsaWRlc2hvdyI6IjhlODY4NzUifQ%3D%3D\">\n\t\t\t\t\t<div class=\"e-gallery-image elementor-gallery-item__image\" data-thumbnail=\"https:\/\/www.krampfadern-spezialist.at\/wp-content\/uploads\/2025\/06\/DokPat_ms.jpg\" data-width=\"960\" data-height=\"1280\" aria-label=\"\" role=\"img\" ><\/div>\n\t\t\t\t\t\t\t\t\t\t\t<div class=\"elementor-gallery-item__overlay\"><\/div>\n\t\t\t\t\t\t\t\t\t\t\t\t\t\t<\/a>\n\t\t\t\t\t\t\t<a class=\"e-gallery-item elementor-gallery-item elementor-animated-content\" href=\"https:\/\/www.krampfadern-spezialist.at\/wp-content\/uploads\/2024\/12\/Krampfadern-Kasiri-0162-scaled-e1733921026185.jpg\" data-elementor-open-lightbox=\"yes\" data-elementor-lightbox-slideshow=\"8e86875\" data-e-action-hash=\"#elementor-action%3Aaction%3Dlightbox%26settings%3DeyJpZCI6MTc2LCJ1cmwiOiJodHRwczpcL1wvd3d3LmtyYW1wZmFkZXJuLXNwZXppYWxpc3QuYXRcL3dwLWNvbnRlbnRcL3VwbG9hZHNcLzIwMjRcLzEyXC9LcmFtcGZhZGVybi1LYXNpcmktMDE2Mi1zY2FsZWQtZTE3MzM5MjEwMjYxODUuanBnIiwic2xpZGVzaG93IjoiOGU4Njg3NSJ9\">\n\t\t\t\t\t<div class=\"e-gallery-image elementor-gallery-item__image\" data-thumbnail=\"https:\/\/www.krampfadern-spezialist.at\/wp-content\/uploads\/2024\/12\/Krampfadern-Kasiri-0162-scaled-e1733921026185.jpg\" data-width=\"2560\" data-height=\"1297\" aria-label=\"\" role=\"img\" ><\/div>\n\t\t\t\t\t\t\t\t\t\t\t<div class=\"elementor-gallery-item__overlay\"><\/div>\n\t\t\t\t\t\t\t\t\t\t\t\t\t\t<\/a>\n\t\t\t\t\t\t\t<a class=\"e-gallery-item elementor-gallery-item elementor-animated-content\" href=\"https:\/\/www.krampfadern-spezialist.at\/wp-content\/uploads\/2024\/12\/Krampfadern-Kasiri-0124-1-scaled.jpg\" data-elementor-open-lightbox=\"yes\" data-elementor-lightbox-slideshow=\"8e86875\" data-e-action-hash=\"#elementor-action%3Aaction%3Dlightbox%26settings%3DeyJpZCI6MzUyLCJ1cmwiOiJodHRwczpcL1wvd3d3LmtyYW1wZmFkZXJuLXNwZXppYWxpc3QuYXRcL3dwLWNvbnRlbnRcL3VwbG9hZHNcLzIwMjRcLzEyXC9LcmFtcGZhZGVybi1LYXNpcmktMDEyNC0xLXNjYWxlZC5qcGciLCJzbGlkZXNob3ciOiI4ZTg2ODc1In0%3D\">\n\t\t\t\t\t<div class=\"e-gallery-image elementor-gallery-item__image\" data-thumbnail=\"https:\/\/www.krampfadern-spezialist.at\/wp-content\/uploads\/2024\/12\/Krampfadern-Kasiri-0124-1-scaled.jpg\" data-width=\"2560\" data-height=\"1707\" aria-label=\"\" role=\"img\" ><\/div>\n\t\t\t\t\t\t\t\t\t\t\t<div class=\"elementor-gallery-item__overlay\"><\/div>\n\t\t\t\t\t\t\t\t\t\t\t\t\t\t<\/a>\n\t\t\t\t\t\t\t<a class=\"e-gallery-item elementor-gallery-item elementor-animated-content\" href=\"https:\/\/www.krampfadern-spezialist.at\/wp-content\/uploads\/2025\/06\/Ordi_Geraete-scaled.jpg\" data-elementor-open-lightbox=\"yes\" data-elementor-lightbox-slideshow=\"8e86875\" data-e-action-hash=\"#elementor-action%3Aaction%3Dlightbox%26settings%3DeyJpZCI6MjQ2NCwidXJsIjoiaHR0cHM6XC9cL3d3dy5rcmFtcGZhZGVybi1zcGV6aWFsaXN0LmF0XC93cC1jb250ZW50XC91cGxvYWRzXC8yMDI1XC8wNlwvT3JkaV9HZXJhZXRlLXNjYWxlZC5qcGciLCJzbGlkZXNob3ciOiI4ZTg2ODc1In0%3D\">\n\t\t\t\t\t<div class=\"e-gallery-image elementor-gallery-item__image\" data-thumbnail=\"https:\/\/www.krampfadern-spezialist.at\/wp-content\/uploads\/2025\/06\/Ordi_Geraete-scaled.jpg\" data-width=\"2560\" data-height=\"1706\" aria-label=\"\" role=\"img\" ><\/div>\n\t\t\t\t\t\t\t\t\t\t\t<div class=\"elementor-gallery-item__overlay\"><\/div>\n\t\t\t\t\t\t\t\t\t\t\t\t\t\t<\/a>\n\t\t\t\t\t\t\t<a class=\"e-gallery-item elementor-gallery-item elementor-animated-content\" href=\"https:\/\/www.krampfadern-spezialist.at\/wp-content\/uploads\/2025\/06\/DokPat_m1.jpg\" data-elementor-open-lightbox=\"yes\" data-elementor-lightbox-slideshow=\"8e86875\" data-e-action-hash=\"#elementor-action%3Aaction%3Dlightbox%26settings%3DeyJpZCI6MjQ0NCwidXJsIjoiaHR0cHM6XC9cL3d3dy5rcmFtcGZhZGVybi1zcGV6aWFsaXN0LmF0XC93cC1jb250ZW50XC91cGxvYWRzXC8yMDI1XC8wNlwvRG9rUGF0X20xLmpwZyIsInNsaWRlc2hvdyI6IjhlODY4NzUifQ%3D%3D\">\n\t\t\t\t\t<div class=\"e-gallery-image elementor-gallery-item__image\" data-thumbnail=\"https:\/\/www.krampfadern-spezialist.at\/wp-content\/uploads\/2025\/06\/DokPat_m1.jpg\" data-width=\"960\" data-height=\"1280\" aria-label=\"\" role=\"img\" ><\/div>\n\t\t\t\t\t\t\t\t\t\t\t<div class=\"elementor-gallery-item__overlay\"><\/div>\n\t\t\t\t\t\t\t\t\t\t\t\t\t\t<\/a>\n\t\t\t\t\t\t\t<a class=\"e-gallery-item elementor-gallery-item elementor-animated-content\" href=\"https:\/\/www.krampfadern-spezialist.at\/wp-content\/uploads\/2024\/12\/Krampfadern-Kasiri-0185-scaled.jpg\" data-elementor-open-lightbox=\"yes\" data-elementor-lightbox-slideshow=\"8e86875\" data-e-action-hash=\"#elementor-action%3Aaction%3Dlightbox%26settings%3DeyJpZCI6MzQyLCJ1cmwiOiJodHRwczpcL1wvd3d3LmtyYW1wZmFkZXJuLXNwZXppYWxpc3QuYXRcL3dwLWNvbnRlbnRcL3VwbG9hZHNcLzIwMjRcLzEyXC9LcmFtcGZhZGVybi1LYXNpcmktMDE4NS1zY2FsZWQuanBnIiwic2xpZGVzaG93IjoiOGU4Njg3NSJ9\">\n\t\t\t\t\t<div class=\"e-gallery-image elementor-gallery-item__image\" data-thumbnail=\"https:\/\/www.krampfadern-spezialist.at\/wp-content\/uploads\/2024\/12\/Krampfadern-Kasiri-0185-scaled.jpg\" data-width=\"2560\" data-height=\"1707\" aria-label=\"\" role=\"img\" ><\/div>\n\t\t\t\t\t\t\t\t\t\t\t<div class=\"elementor-gallery-item__overlay\"><\/div>\n\t\t\t\t\t\t\t\t\t\t\t\t\t\t<\/a>\n\t\t\t\t\t<\/div>\n\t\t\t\t\t<\/div>\n\t\t\t\t<\/div>\n\t\t\t\t\t<\/div>\n\t\t\t\t<\/div>\n\t\t\t\t<\/div>\n\t\t","protected":false},"excerpt":{"rendered":"<p>My surgery Get a first insight into my surgery here<\/p>\n","protected":false},"author":2,"featured_media":0,"parent":0,"menu_order":0,"comment_status":"closed","ping_status":"closed","template":"page-templates\/template-pagebuilder-full-width.php","meta":{"neve_meta_sidebar":"","neve_meta_container":"","neve_meta_enable_content_width":"","neve_meta_content_width":0,"neve_meta_title_alignment":"","neve_meta_author_avatar":"","neve_post_elements_order":"","neve_meta_disable_header":"","neve_meta_disable_footer":"","neve_meta_disable_title":"","neve_meta_reading_time":"","footnotes":""},"class_list":["post-859","page","type-page","status-publish","hentry"],"yoast_head":"<!-- This site is optimized with the Yoast SEO plugin v26.6 - https:\/\/yoast.com\/wordpress\/plugins\/seo\/ -->\n<title>My surgery | Ihr Gef\u00e4\u00dfspezialist in Wien | Dr. Kasiri<\/title>\n<meta name=\"robots\" content=\"index, follow, max-snippet:-1, max-image-preview:large, max-video-preview:-1\" \/>\n<link rel=\"canonical\" href=\"https:\/\/www.krampfadern-spezialist.at\/en\/my-surgery\/\" \/>\n<meta property=\"og:locale\" content=\"en_US\" \/>\n<meta property=\"og:type\" content=\"article\" \/>\n<meta property=\"og:title\" content=\"My surgery | Ihr Gef\u00e4\u00dfspezialist in Wien | Dr. Kasiri\" \/>\n<meta property=\"og:description\" content=\"My surgery Get a first insight into my surgery here\" \/>\n<meta property=\"og:url\" content=\"https:\/\/www.krampfadern-spezialist.at\/en\/my-surgery\/\" \/>\n<meta property=\"og:site_name\" content=\"Ihr Gef\u00e4\u00dfspezialist in Wien | Dr. Kasiri\" \/>\n<meta property=\"article:modified_time\" content=\"2025-06-30T12:18:20+00:00\" \/>\n<meta property=\"og:image\" content=\"https:\/\/www.krampfadern-spezialist.at\/wp-content\/uploads\/2024\/12\/Dr-Kasiri-Gold.png\" \/>\n\t<meta property=\"og:image:width\" content=\"2803\" \/>\n\t<meta property=\"og:image:height\" content=\"2038\" \/>\n\t<meta property=\"og:image:type\" content=\"image\/png\" \/>\n<meta name=\"twitter:card\" content=\"summary_large_image\" \/>\n<script type=\"application\/ld+json\" class=\"yoast-schema-graph\">{\"@context\":\"https:\/\/schema.org\",\"@graph\":[{\"@type\":\"WebPage\",\"@id\":\"https:\/\/www.krampfadern-spezialist.at\/en\/my-surgery\/\",\"url\":\"https:\/\/www.krampfadern-spezialist.at\/en\/my-surgery\/\",\"name\":\"My surgery | Ihr Gef\u00e4\u00dfspezialist in Wien | Dr. Kasiri\",\"isPartOf\":{\"@id\":\"https:\/\/www.krampfadern-spezialist.at\/en\/#website\"},\"datePublished\":\"2024-12-11T07:06:41+00:00\",\"dateModified\":\"2025-06-30T12:18:20+00:00\",\"breadcrumb\":{\"@id\":\"https:\/\/www.krampfadern-spezialist.at\/en\/my-surgery\/#breadcrumb\"},\"inLanguage\":\"en-US\",\"potentialAction\":[{\"@type\":\"ReadAction\",\"target\":[\"https:\/\/www.krampfadern-spezialist.at\/en\/my-surgery\/\"]}]},{\"@type\":\"BreadcrumbList\",\"@id\":\"https:\/\/www.krampfadern-spezialist.at\/en\/my-surgery\/#breadcrumb\",\"itemListElement\":[{\"@type\":\"ListItem\",\"position\":1,\"name\":\"Startseite\",\"item\":\"https:\/\/www.krampfadern-spezialist.at\/en\/\"},{\"@type\":\"ListItem\",\"position\":2,\"name\":\"My surgery\"}]},{\"@type\":\"WebSite\",\"@id\":\"https:\/\/www.krampfadern-spezialist.at\/en\/#website\",\"url\":\"https:\/\/www.krampfadern-spezialist.at\/en\/\",\"name\":\"Ihr Gef\u00e4\u00dfspezialist in Wien | Dr. Kasiri\",\"description\":\"Krampfadern - Arterienbehandlung - Lip\u00f6dem\",\"publisher\":{\"@id\":\"https:\/\/www.krampfadern-spezialist.at\/en\/#organization\"},\"potentialAction\":[{\"@type\":\"SearchAction\",\"target\":{\"@type\":\"EntryPoint\",\"urlTemplate\":\"https:\/\/www.krampfadern-spezialist.at\/en\/?s={search_term_string}\"},\"query-input\":{\"@type\":\"PropertyValueSpecification\",\"valueRequired\":true,\"valueName\":\"search_term_string\"}}],\"inLanguage\":\"en-US\"},{\"@type\":\"Organization\",\"@id\":\"https:\/\/www.krampfadern-spezialist.at\/en\/#organization\",\"name\":\"Ihr Gef\u00e4\u00dfspezialist in Wien | Dr. Kasiri\",\"url\":\"https:\/\/www.krampfadern-spezialist.at\/en\/\",\"logo\":{\"@type\":\"ImageObject\",\"inLanguage\":\"en-US\",\"@id\":\"https:\/\/www.krampfadern-spezialist.at\/en\/#\/schema\/logo\/image\/\",\"url\":\"https:\/\/www.krampfadern-spezialist.at\/wp-content\/uploads\/2024\/12\/Dr-Kasiri-Gold.png\",\"contentUrl\":\"https:\/\/www.krampfadern-spezialist.at\/wp-content\/uploads\/2024\/12\/Dr-Kasiri-Gold.png\",\"width\":2803,\"height\":2038,\"caption\":\"Ihr Gef\u00e4\u00dfspezialist in Wien | Dr. Kasiri\"},\"image\":{\"@id\":\"https:\/\/www.krampfadern-spezialist.at\/en\/#\/schema\/logo\/image\/\"}}]}<\/script>\n<!-- \/ Yoast SEO plugin. -->","yoast_head_json":{"title":"My surgery | Ihr Gef\u00e4\u00dfspezialist in Wien | Dr. Kasiri","robots":{"index":"index","follow":"follow","max-snippet":"max-snippet:-1","max-image-preview":"max-image-preview:large","max-video-preview":"max-video-preview:-1"},"canonical":"https:\/\/www.krampfadern-spezialist.at\/en\/my-surgery\/","og_locale":"en_US","og_type":"article","og_title":"My surgery | Ihr Gef\u00e4\u00dfspezialist in Wien | Dr. Kasiri","og_description":"My surgery Get a first insight into my surgery here","og_url":"https:\/\/www.krampfadern-spezialist.at\/en\/my-surgery\/","og_site_name":"Ihr Gef\u00e4\u00dfspezialist in Wien | Dr. Kasiri","article_modified_time":"2025-06-30T12:18:20+00:00","og_image":[{"width":2803,"height":2038,"url":"https:\/\/www.krampfadern-spezialist.at\/wp-content\/uploads\/2024\/12\/Dr-Kasiri-Gold.png","type":"image\/png"}],"twitter_card":"summary_large_image","schema":{"@context":"https:\/\/schema.org","@graph":[{"@type":"WebPage","@id":"https:\/\/www.krampfadern-spezialist.at\/en\/my-surgery\/","url":"https:\/\/www.krampfadern-spezialist.at\/en\/my-surgery\/","name":"My surgery | Ihr Gef\u00e4\u00dfspezialist in Wien | Dr. Kasiri","isPartOf":{"@id":"https:\/\/www.krampfadern-spezialist.at\/en\/#website"},"datePublished":"2024-12-11T07:06:41+00:00","dateModified":"2025-06-30T12:18:20+00:00","breadcrumb":{"@id":"https:\/\/www.krampfadern-spezialist.at\/en\/my-surgery\/#breadcrumb"},"inLanguage":"en-US","potentialAction":[{"@type":"ReadAction","target":["https:\/\/www.krampfadern-spezialist.at\/en\/my-surgery\/"]}]},{"@type":"BreadcrumbList","@id":"https:\/\/www.krampfadern-spezialist.at\/en\/my-surgery\/#breadcrumb","itemListElement":[{"@type":"ListItem","position":1,"name":"Startseite","item":"https:\/\/www.krampfadern-spezialist.at\/en\/"},{"@type":"ListItem","position":2,"name":"My surgery"}]},{"@type":"WebSite","@id":"https:\/\/www.krampfadern-spezialist.at\/en\/#website","url":"https:\/\/www.krampfadern-spezialist.at\/en\/","name":"Ihr Gef\u00e4\u00dfspezialist in Wien | Dr. Kasiri","description":"Krampfadern - Arterienbehandlung - Lip\u00f6dem","publisher":{"@id":"https:\/\/www.krampfadern-spezialist.at\/en\/#organization"},"potentialAction":[{"@type":"SearchAction","target":{"@type":"EntryPoint","urlTemplate":"https:\/\/www.krampfadern-spezialist.at\/en\/?s={search_term_string}"},"query-input":{"@type":"PropertyValueSpecification","valueRequired":true,"valueName":"search_term_string"}}],"inLanguage":"en-US"},{"@type":"Organization","@id":"https:\/\/www.krampfadern-spezialist.at\/en\/#organization","name":"Ihr Gef\u00e4\u00dfspezialist in Wien | Dr. Kasiri","url":"https:\/\/www.krampfadern-spezialist.at\/en\/","logo":{"@type":"ImageObject","inLanguage":"en-US","@id":"https:\/\/www.krampfadern-spezialist.at\/en\/#\/schema\/logo\/image\/","url":"https:\/\/www.krampfadern-spezialist.at\/wp-content\/uploads\/2024\/12\/Dr-Kasiri-Gold.png","contentUrl":"https:\/\/www.krampfadern-spezialist.at\/wp-content\/uploads\/2024\/12\/Dr-Kasiri-Gold.png","width":2803,"height":2038,"caption":"Ihr Gef\u00e4\u00dfspezialist in Wien | Dr. Kasiri"},"image":{"@id":"https:\/\/www.krampfadern-spezialist.at\/en\/#\/schema\/logo\/image\/"}}]}},"_links":{"self":[{"href":"https:\/\/www.krampfadern-spezialist.at\/en\/wp-json\/wp\/v2\/pages\/859","targetHints":{"allow":["GET"]}}],"collection":[{"href":"https:\/\/www.krampfadern-spezialist.at\/en\/wp-json\/wp\/v2\/pages"}],"about":[{"href":"https:\/\/www.krampfadern-spezialist.at\/en\/wp-json\/wp\/v2\/types\/page"}],"author":[{"embeddable":true,"href":"https:\/\/www.krampfadern-spezialist.at\/en\/wp-json\/wp\/v2\/users\/2"}],"replies":[{"embeddable":true,"href":"https:\/\/www.krampfadern-spezialist.at\/en\/wp-json\/wp\/v2\/comments?post=859"}],"version-history":[{"count":5,"href":"https:\/\/www.krampfadern-spezialist.at\/en\/wp-json\/wp\/v2\/pages\/859\/revisions"}],"predecessor-version":[{"id":2586,"href":"https:\/\/www.krampfadern-spezialist.at\/en\/wp-json\/wp\/v2\/pages\/859\/revisions\/2586"}],"wp:attachment":[{"href":"https:\/\/www.krampfadern-spezialist.at\/en\/wp-json\/wp\/v2\/media?parent=859"}],"curies":[{"name":"wp","href":"https:\/\/api.w.org\/{rel}","templated":true}]}}